{"id":29030,"date":"2024-04-17T13:34:11","date_gmt":"2024-04-17T11:34:11","guid":{"rendered":"https:\/\/b2b.p2rbike.com\/?post_type=product&#038;p=29030"},"modified":"2026-03-18T15:28:31","modified_gmt":"2026-03-18T14:28:31","slug":"p2r-flatman-70spd-3sb-orange","status":"publish","type":"product","link":"https:\/\/b2b.p2rbike.com\/sk\/produkt\/p2r-flatman-70spd-3sb-orange\/","title":{"rendered":"P2R FLATMAN 70SPD, 3SB orange"},"content":{"rendered":"<p><strong>PED\u00c1LE <\/strong><strong>P2R FLATMAN 70SPD, 3SB<\/strong><\/p>\n<p>Telo ped\u00e1lu vyroben\u00e9 technol\u00f3giou CNC obr\u00e1bania zo zliatiny AL a pon\u00faka ve\u013emi n\u00edzku hmotnos\u0165 (<strong>400<\/strong> g) a dokonale presn\u00e9 detajly.<br \/>\n<strong>2 v\u00a01<\/strong> &#8230; sp\u00e1ja v\u00a0sebe klasick\u00e9 platformov\u00e9 ped\u00e1le s\u00a0pinmi (pre klasick\u00fa top\u00e1nku) a\u00a0SPD ped\u00e1le, ktor\u00e9 pon\u00faknu e\u0161te viac z\u00e1\u017eitkov z\u00a0jazdy. S\u00fa\u010das\u0165ou balenia ped\u00e1lov s\u00fa aj ped\u00e1lov\u00e9 zar\u00e1\u017eky (kompatibiln\u00e9 so Shimano), tak\u017ee u\u017e nemus\u00edte ni\u010d dokupova\u0165.<br \/>\nSvojou optimalizovanou ve\u013ekos\u0165ou (100*100 mm) a v\u010faka ergonomick\u00e9mu tvaru, vyhovuj\u00fa tak p\u00e1nskemu, ako aj\u00a0d\u00e1mskemu chodidlu a\u00a0prin\u00e1\u0161aj\u00fa dokonal\u00e9 a\u00a0bezpe\u010dn\u00e9 spojenie s\u00a0nohou jazdca.<br \/>\n<strong>8 vymenite\u013en\u00fdch pinov<\/strong> s\u00a0d\u013a\u017ekou 4,5mm pravidelne rozmiestnen\u00fdch po obvode ped\u00e1lu prin\u00e1\u0161a v\u00fdborn\u00fa pri\u013enavos\u0165 a stabilitu chodidla aj pri r\u00fdchlej MTB jazde v\u00a0ostr\u00fdch z\u00e1krut\u00e1ch a\u00a0r\u00fdchlych zjazdoch.<br \/>\nOska ped\u00e1lu z\u00a0materi\u00e1lu <strong>Cr-Mo<\/strong> (chr\u00f3m-molybd\u00e9n) vyroben\u00e1 technol\u00f3giou CNC obr\u00e1bania<br \/>\nO\u00a0bezprobl\u00e9mov\u00e9 a\u00a0hladk\u00e9 pret\u00e1\u010danie ped\u00e1lu sa staraj\u00fa <strong>3 kvalitn\u00e9 priemyseln\u00e9 lo\u017eisk\u00e1<\/strong> (Made in TW), ktor\u00e9 pri be\u017enej starostlivosti garantuj\u00fa\u00a0dlh\u00fa \u017eivotnos\u0165<\/p>\n<p><strong><br \/>\nVLASTNOSTI:<\/strong><\/p>\n<ul>\n<li>Materi\u00e1l: vyroben\u00e9 zo zl\u00fa\u010deniny <strong>AL<\/strong><\/li>\n<li>Vymenite\u013en\u00e9 proti-\u0161mykov\u00e9 piny s\u00a0ide\u00e1lnym rozmiestnen\u00edm po celom obvode ped\u00e1la<\/li>\n<li>SPD syst\u00e9m kompatibiln\u00fd so syst\u00e9mom Shimano (vr\u00e1tane zar\u00e1\u017eok)<\/li>\n<li>Ur\u010den\u00e9 pre kateg\u00f3riu:\u00a0<strong>MTB\/TREKKING\/CROSS\/CITY<\/strong><\/li>\n<li>Oska: Chr\u00f3m-Molybd\u00e9n (Cr-Mo) vyroben\u00e1 technol\u00f3giou CNC obr\u00e1bania<\/li>\n<li><strong>3x priemyseln\u00e9 lo\u017eisk\u00e1<\/strong> (Made in TW) pre hladk\u00fd chod a dlh\u00fa \u017eivotnos\u0165<\/li>\n<li>Rozmer:\u00a0<strong>100 mm x 100 mm<\/strong><\/li>\n<li>Hmotnos\u0165:\u00a0<strong>400 g\/p\u00e1r<\/strong><\/li>\n<\/ul>\n<p><strong><br \/>\nFarebn\u00e9 alternat\u00edvy:<\/strong><\/p>\n<ul>\n<li>Black<\/li>\n<li>Red<\/li>\n<li>Navy blue<\/li>\n<li>Light blue<\/li>\n<li>Gold<\/li>\n<li>Purple<\/li>\n<li>Orange<\/li>\n<li>Titan grey<\/li>\n<li>Lime green<\/li>\n<\/ul>\n<p><strong><br \/>\nBALENIE<\/strong>: krabi\u010dka v dizajne P2R<\/p>\n","protected":false},"excerpt":{"rendered":"<p>PED\u00c1LE P2R FLATMAN 70SPD, 3SB Telo ped\u00e1lu vyroben\u00e9 technol\u00f3giou CNC obr\u00e1bania zo zliatiny AL a pon\u00faka ve\u013emi n\u00edzku hmotnos\u0165 (400<\/p>\n","protected":false},"featured_media":28994,"template":"","meta":{"_acf_changed":false},"product_brand":[],"product_cat":[339,340,1296],"product_tag":[],"class_list":{"0":"post-29030","1":"product","2":"type-product","3":"status-publish","4":"has-post-thumbnail","6":"product_cat-pedale","7":"product_cat-mtb-sk","8":"product_cat-flatman_70_spd-sk","10":"first","11":"instock","12":"taxable","13":"shipping-taxable","14":"purchasable","15":"product-type-simple"},"bundled_by":[],"bundle_stock_status":"instock","bundle_stock_quantity":50,"bundle_virtual":false,"bundle_layout":"","bundle_add_to_cart_form_location":"","bundle_editable_in_cart":false,"bundle_sold_individually_context":"","bundle_item_grouping":"","bundle_min_size":"","bundle_max_size":"","bundle_price":[],"bundled_items":[],"bundle_sell_ids":[],"acf":[],"_links":{"self":[{"href":"https:\/\/b2b.p2rbike.com\/sk\/wp-json\/wp\/v2\/product\/29030","targetHints":{"allow":["GET"]}}],"collection":[{"href":"https:\/\/b2b.p2rbike.com\/sk\/wp-json\/wp\/v2\/product"}],"about":[{"href":"https:\/\/b2b.p2rbike.com\/sk\/wp-json\/wp\/v2\/types\/product"}],"wp:featuredmedia":[{"embeddable":true,"href":"https:\/\/b2b.p2rbike.com\/sk\/wp-json\/wp\/v2\/media\/28994"}],"wp:attachment":[{"href":"https:\/\/b2b.p2rbike.com\/sk\/wp-json\/wp\/v2\/media?parent=29030"}],"wp:term":[{"taxonomy":"product_brand","embeddable":true,"href":"https:\/\/b2b.p2rbike.com\/sk\/wp-json\/wp\/v2\/product_brand?post=29030"},{"taxonomy":"product_cat","embeddable":true,"href":"https:\/\/b2b.p2rbike.com\/sk\/wp-json\/wp\/v2\/product_cat?post=29030"},{"taxonomy":"product_tag","embeddable":true,"href":"https:\/\/b2b.p2rbike.com\/sk\/wp-json\/wp\/v2\/product_tag?post=29030"}],"curies":[{"name":"wp","href":"https:\/\/api.w.org\/{rel}","templated":true}]}}