{"id":29695,"date":"2024-04-24T13:18:54","date_gmt":"2024-04-24T11:18:54","guid":{"rendered":"https:\/\/b2b.p2rbike.com\/?post_type=product&#038;p=29695"},"modified":"2026-04-20T12:48:11","modified_gmt":"2026-04-20T10:48:11","slug":"p2r-ringo-white-little-bear-oem","status":"publish","type":"product","link":"https:\/\/b2b.p2rbike.com\/sk\/produkt\/p2r-ringo-white-little-bear-oem\/","title":{"rendered":"P2R RINGO white little bear"},"content":{"rendered":"<p><strong>BICYKLOV\u00dd\u00a0ZVON\u010cEK<\/strong><\/p>\n<p>&nbsp;<\/p>\n<ul>\n<li>Oce\u013eov\u00e1 vrchn\u00e1 aj spodn\u00e1 \u010das\u0165 zvon\u010deka<\/li>\n<li>S\u00a0metrickou skrutkou<\/li>\n<li>Jednoduch\u00fd na in\u0161tal\u00e1ciu<\/li>\n<\/ul>\n<p><strong><br \/>\nDETAJLY:<\/strong><\/p>\n<p>Priemer vrchnej \u010dasti: 55mm<\/p>\n<p><strong><br \/>\nFAREBN\u00c9 ALTERNAT\u00cdVY:<\/strong><\/p>\n<ul>\n<li>modr\u00fd dinosaurus (blue dinosaur)<\/li>\n<li>biely mal\u00fd medved\u00edk (white little bear)<\/li>\n<li>biela panda (white panda)<\/li>\n<li>fialov\u00fd pekn\u00fd de\u0148 (purple Have a nice day)<\/li>\n<li>ru\u017eov\u00fd diev\u010datko so zaja\u010dikom (pink baby girl with bunny)<\/li>\n<li>biely kompas (white compass)<\/li>\n<\/ul>\n<p><strong><br \/>\nBALENIE<\/strong><strong>: <\/strong>s\u00e1\u010dok a sticker<\/p>\n","protected":false},"excerpt":{"rendered":"<p>BICYKLOV\u00dd\u00a0ZVON\u010cEK &nbsp; Oce\u013eov\u00e1 vrchn\u00e1 aj spodn\u00e1 \u010das\u0165 zvon\u010deka S\u00a0metrickou skrutkou Jednoduch\u00fd na in\u0161tal\u00e1ciu DETAJLY: Priemer vrchnej \u010dasti: 55mm FAREBN\u00c9 ALTERNAT\u00cdVY:<\/p>\n","protected":false},"featured_media":29654,"template":"","meta":{"_acf_changed":false},"product_brand":[],"product_cat":[1208,1226],"product_tag":[],"class_list":{"0":"post-29695","1":"product","2":"type-product","3":"status-publish","4":"has-post-thumbnail","6":"product_cat-zvonceky","7":"product_cat-55mm-oem-sk","9":"first","10":"instock","11":"taxable","12":"shipping-taxable","13":"purchasable","14":"product-type-simple"},"bundled_by":[],"bundle_stock_status":"instock","bundle_stock_quantity":305,"bundle_virtual":false,"bundle_layout":"","bundle_add_to_cart_form_location":"","bundle_editable_in_cart":false,"bundle_sold_individually_context":"","bundle_item_grouping":"","bundle_min_size":"","bundle_max_size":"","bundle_price":[],"bundled_items":[],"bundle_sell_ids":[],"acf":[],"_links":{"self":[{"href":"https:\/\/b2b.p2rbike.com\/sk\/wp-json\/wp\/v2\/product\/29695","targetHints":{"allow":["GET"]}}],"collection":[{"href":"https:\/\/b2b.p2rbike.com\/sk\/wp-json\/wp\/v2\/product"}],"about":[{"href":"https:\/\/b2b.p2rbike.com\/sk\/wp-json\/wp\/v2\/types\/product"}],"wp:featuredmedia":[{"embeddable":true,"href":"https:\/\/b2b.p2rbike.com\/sk\/wp-json\/wp\/v2\/media\/29654"}],"wp:attachment":[{"href":"https:\/\/b2b.p2rbike.com\/sk\/wp-json\/wp\/v2\/media?parent=29695"}],"wp:term":[{"taxonomy":"product_brand","embeddable":true,"href":"https:\/\/b2b.p2rbike.com\/sk\/wp-json\/wp\/v2\/product_brand?post=29695"},{"taxonomy":"product_cat","embeddable":true,"href":"https:\/\/b2b.p2rbike.com\/sk\/wp-json\/wp\/v2\/product_cat?post=29695"},{"taxonomy":"product_tag","embeddable":true,"href":"https:\/\/b2b.p2rbike.com\/sk\/wp-json\/wp\/v2\/product_tag?post=29695"}],"curies":[{"name":"wp","href":"https:\/\/api.w.org\/{rel}","templated":true}]}}