{"id":29710,"date":"2024-04-24T11:00:46","date_gmt":"2024-04-24T09:00:46","guid":{"rendered":"https:\/\/b2b.p2rbike.com\/?post_type=product&#038;p=29710"},"modified":"2026-03-31T11:05:57","modified_gmt":"2026-03-31T09:05:57","slug":"p2r-ringo-lime","status":"publish","type":"product","link":"https:\/\/b2b.p2rbike.com\/sk\/produkt\/p2r-ringo-lime\/","title":{"rendered":"P2R RINGO, lime"},"content":{"rendered":"<p><strong>BICYKLOV\u00dd\u00a0ZVON\u010cEK<\/strong><\/p>\n<p>&nbsp;<\/p>\n<ul>\n<li>Vrchn\u00e1 aj spodn\u00e1 \u010das\u0165 zvon\u010deka zo zliatiny hlin\u00edka\u00a0(\u010dierna farba)<\/li>\n<li>Vrchn\u00e1 aj spodn\u00e1 \u010das\u0165 zvon\u010deka z\u00a0ocele (farebn\u00e9 alternat\u00edvy)<\/li>\n<li>Jednoduch\u00e1 in\u0161tal\u00e1cia so skrutkou<\/li>\n<\/ul>\n<p><strong><br \/>\nDETAJLY:<\/strong><\/p>\n<p>Priemer vrchnej \u010dasti: 35mm<\/p>\n<p><strong><br \/>\nFAREBN\u00c9 ALTERNAT\u00cdVY: <\/strong><\/p>\n<ul>\n<li>Sky blue (bledo modr\u00e1)<\/li>\n<li>Orange (oran\u017eov\u00e1)<\/li>\n<li>Rose pink (ru\u017eov\u00e1)<\/li>\n<li>Dark purple (tmavo fialov\u00e1)<\/li>\n<li>Lime (limetkov\u00e1)<\/li>\n<li>Sun yellow (\u017elt\u00e1)<\/li>\n<li>pink ballerina (ru\u017eov\u00e1 baler\u00edna)<\/li>\n<li>pink lollipop (ru\u017eov\u00e9 l\u00edzatko)<\/li>\n<li>blue car (modr\u00e9 auto)<\/li>\n<li>purple buterfly (ru\u017eov\u00fd mot\u00fd\u013e)<\/li>\n<li>white smile (smajl\u00edci)<\/li>\n<li>blue train (modr\u00fd vl\u00e1\u010dik)<\/li>\n<li>pink mermaid (ru\u017eov\u00e1 morsk\u00e1 panna)<\/li>\n<li>purple flamingo (ru\u017eov\u00fd plameniak)<\/li>\n<li>pink cakes (ru\u017eov\u00e9 kol\u00e1\u010diky)<\/li>\n<li>white bike (biely bicykel)<\/li>\n<li>purple flamingo (fialov\u00fd plameniak)<\/li>\n<li>blue water melone (\u010derven\u00fd mel\u00f3n)<\/li>\n<li>white diamond (biely diamant)<\/li>\n<\/ul>\n<p><strong><br \/>\nBALENIE<\/strong>: s\u00e1\u010dok a\u00a0sticker (OEM)<\/p>\n","protected":false},"excerpt":{"rendered":"<p>BICYKLOV\u00dd\u00a0ZVON\u010cEK &nbsp; Vrchn\u00e1 aj spodn\u00e1 \u010das\u0165 zvon\u010deka zo zliatiny hlin\u00edka\u00a0(\u010dierna farba) Vrchn\u00e1 aj spodn\u00e1 \u010das\u0165 zvon\u010deka z\u00a0ocele (farebn\u00e9 alternat\u00edvy) Jednoduch\u00e1<\/p>\n","protected":false},"featured_media":29537,"template":"","meta":{"_acf_changed":false},"product_brand":[],"product_cat":[1208,1219],"product_tag":[],"class_list":{"0":"post-29710","1":"product","2":"type-product","3":"status-publish","4":"has-post-thumbnail","6":"product_cat-zvonceky","7":"product_cat-35mm-oem-sk","9":"first","10":"instock","11":"taxable","12":"shipping-taxable","13":"purchasable","14":"product-type-simple"},"bundled_by":[],"bundle_stock_status":"instock","bundle_stock_quantity":403,"bundle_virtual":false,"bundle_layout":"","bundle_add_to_cart_form_location":"","bundle_editable_in_cart":false,"bundle_sold_individually_context":"","bundle_item_grouping":"","bundle_min_size":"","bundle_max_size":"","bundle_price":[],"bundled_items":[],"bundle_sell_ids":[],"acf":[],"_links":{"self":[{"href":"https:\/\/b2b.p2rbike.com\/sk\/wp-json\/wp\/v2\/product\/29710","targetHints":{"allow":["GET"]}}],"collection":[{"href":"https:\/\/b2b.p2rbike.com\/sk\/wp-json\/wp\/v2\/product"}],"about":[{"href":"https:\/\/b2b.p2rbike.com\/sk\/wp-json\/wp\/v2\/types\/product"}],"wp:featuredmedia":[{"embeddable":true,"href":"https:\/\/b2b.p2rbike.com\/sk\/wp-json\/wp\/v2\/media\/29537"}],"wp:attachment":[{"href":"https:\/\/b2b.p2rbike.com\/sk\/wp-json\/wp\/v2\/media?parent=29710"}],"wp:term":[{"taxonomy":"product_brand","embeddable":true,"href":"https:\/\/b2b.p2rbike.com\/sk\/wp-json\/wp\/v2\/product_brand?post=29710"},{"taxonomy":"product_cat","embeddable":true,"href":"https:\/\/b2b.p2rbike.com\/sk\/wp-json\/wp\/v2\/product_cat?post=29710"},{"taxonomy":"product_tag","embeddable":true,"href":"https:\/\/b2b.p2rbike.com\/sk\/wp-json\/wp\/v2\/product_tag?post=29710"}],"curies":[{"name":"wp","href":"https:\/\/api.w.org\/{rel}","templated":true}]}}