{"id":29842,"date":"2024-04-30T12:11:56","date_gmt":"2024-04-30T10:11:56","guid":{"rendered":"https:\/\/b2b.p2rbike.com\/?post_type=product&#038;p=29842"},"modified":"2026-04-20T13:18:06","modified_gmt":"2026-04-20T11:18:06","slug":"p2r-downkick-50","status":"publish","type":"product","link":"https:\/\/b2b.p2rbike.com\/sk\/produkt\/p2r-downkick-50\/","title":{"rendered":"P2R DOWNKICK 50"},"content":{"rendered":"<p>STOJAN NA BICYKEL<\/p>\n<p>Zadn\u00fd stojan <strong>P2R DOWNKICK 50<\/strong> je vyvinut\u00fd pre poskytnutie maxim\u00e1lnej stability pre takmer v\u0161etky bicykle vo ve\u013ekosti <strong>24\u2033 \u2013 29\u2033<\/strong> z kategori\u00ed: <strong>JUNIOR\/CITY\/MTB\/CROSS<\/strong>, ktor\u00e9 s\u00fa dostupn\u00e9 na trhu.<\/p>\n<p>Uchytenie pomocou <strong>3ks imbusov\u00fdch skrutiek<\/strong> sp\u00e1jaj\u00facich 2 protikusy s ochrann\u00fdmi gumen\u00fdmi podlo\u017ekami, ktor\u00e9 chr\u00e1nia r\u00e1m bicykla pred po\u0161koden\u00edm\/po\u0161kriaban\u00edm (s\u00fa s\u00fa\u010das\u0165ou balenia) pri mont\u00e1\u017ei.<\/p>\n<p>Nastavenie potrebnej d\u013a\u017eky stojana 24\u2033 \u2013 29\u2033 stla\u010den\u00edm \u010derven\u00e9ho tla\u010didla \u201c<strong>PRESS<\/strong>\u201d na spodnej \u010dasti stojana.<\/p>\n<p>&nbsp;<\/p>\n<p><strong>VLASTNOSTI:<\/strong><\/p>\n<ul>\n<li>Univerz\u00e1lny pre takmer v\u0161etky kateg\u00f3rie bicyklov <strong>24\u201c- 29\u201c<\/strong><\/li>\n<li><strong>Tool free<\/strong> &#8211; nastavenie d\u013a\u017eky bez potreby pou\u017eitia n\u00e1radia<\/li>\n<\/ul>\n<p>&nbsp;<\/p>\n<p><strong>DETAJLY:<\/strong><\/p>\n<ul>\n<li>MateriI\u00e1l: zl\u00fa\u010denina hl\u00edn\u00edka AL<\/li>\n<li>Hmotnos\u0165: 369g<\/li>\n<\/ul>\n<p><strong><br \/>\nBALENIE: <\/strong>karta P2R<\/p>\n","protected":false},"excerpt":{"rendered":"<p>STOJAN NA BICYKEL Zadn\u00fd stojan P2R DOWNKICK 50 je vyvinut\u00fd pre poskytnutie maxim\u00e1lnej stability pre takmer v\u0161etky bicykle vo ve\u013ekosti<\/p>\n","protected":false},"featured_media":29849,"template":"","meta":{"_acf_changed":false},"product_brand":[],"product_cat":[563,573],"product_tag":[],"class_list":{"0":"post-29842","1":"product","2":"type-product","3":"status-publish","4":"has-post-thumbnail","6":"product_cat-stojany-sk","7":"product_cat-rear-chain-stay-sk","9":"first","10":"instock","11":"taxable","12":"shipping-taxable","13":"purchasable","14":"product-type-simple"},"bundled_by":[],"bundle_stock_status":"instock","bundle_stock_quantity":281,"bundle_virtual":false,"bundle_layout":"","bundle_add_to_cart_form_location":"","bundle_editable_in_cart":false,"bundle_sold_individually_context":"","bundle_item_grouping":"","bundle_min_size":"","bundle_max_size":"","bundle_price":[],"bundled_items":[],"bundle_sell_ids":[],"acf":[],"_links":{"self":[{"href":"https:\/\/b2b.p2rbike.com\/sk\/wp-json\/wp\/v2\/product\/29842","targetHints":{"allow":["GET"]}}],"collection":[{"href":"https:\/\/b2b.p2rbike.com\/sk\/wp-json\/wp\/v2\/product"}],"about":[{"href":"https:\/\/b2b.p2rbike.com\/sk\/wp-json\/wp\/v2\/types\/product"}],"wp:featuredmedia":[{"embeddable":true,"href":"https:\/\/b2b.p2rbike.com\/sk\/wp-json\/wp\/v2\/media\/29849"}],"wp:attachment":[{"href":"https:\/\/b2b.p2rbike.com\/sk\/wp-json\/wp\/v2\/media?parent=29842"}],"wp:term":[{"taxonomy":"product_brand","embeddable":true,"href":"https:\/\/b2b.p2rbike.com\/sk\/wp-json\/wp\/v2\/product_brand?post=29842"},{"taxonomy":"product_cat","embeddable":true,"href":"https:\/\/b2b.p2rbike.com\/sk\/wp-json\/wp\/v2\/product_cat?post=29842"},{"taxonomy":"product_tag","embeddable":true,"href":"https:\/\/b2b.p2rbike.com\/sk\/wp-json\/wp\/v2\/product_tag?post=29842"}],"curies":[{"name":"wp","href":"https:\/\/api.w.org\/{rel}","templated":true}]}}