{"id":30294,"date":"2024-10-07T10:22:32","date_gmt":"2024-10-07T08:22:32","guid":{"rendered":"https:\/\/b2b.p2rbike.com\/?post_type=product&#038;p=30294"},"modified":"2024-10-07T10:26:17","modified_gmt":"2024-10-07T08:26:17","slug":"p2r-bezdusovy-ventil-fr-11c-al-46mm-grey-oem-copy","status":"publish","type":"product","link":"https:\/\/b2b.p2rbike.com\/sk\/produkt\/p2r-bezdusovy-ventil-fr-11c-al-46mm-grey-oem-copy\/","title":{"rendered":"P2R bezdu\u0161ov\u00fd ventil FR-11C, AL, 60mm, GREY (OEM)"},"content":{"rendered":"<ul>\n<li>Bezdu\u0161ov\u00fd ventil <strong>FR-11C<\/strong> (FV) je vyroben\u00fd z materi\u00e1lu <strong>AL<\/strong> (cel\u00e9 telo zo zliatiny hlin\u00edka)<\/li>\n<li>Sada <strong>2 kusov<\/strong><\/li>\n<li>D\u013a\u017eka ventilu <strong>60 mm<\/strong><\/li>\n<li><strong>6-hrann\u00fd otvor<\/strong> v spodnej \u010dasti (jednoduch\u00e1 in\u0161tal\u00e1cia pou\u017eit\u00edm k\u013e\u00fa\u010da hex)<\/li>\n<li>Z\u00e1klad\u0148a ventilu s gumen\u00fdm tesnen\u00edm <strong>chr\u00e1ni pred \u00fanikom mlieka a \u00faniku tlaku<\/strong> z pneumat\u00edk<\/li>\n<li><strong>Poistn\u00e1 matica ventilu s gumen\u00fdm O-kr\u00fa\u017ekom<\/strong> pre bezpe\u010dn\u00e9 upevnenie (chr\u00e1ni pred samovo\u013en\u00fdm uvo\u013enen\u00edm matice) a ochranu pred vyte\u010den\u00edm mlieka a straty tlaku z pneumat\u00edk<\/li>\n<li>1 kus ventilu s klasickou AL \u010diapo\u010dkou + 1 kus ventilu s AL \u010diapo\u010dkou, ktor\u00e1 m\u00e1 otvor pre uvo\u013enenie\/odstr\u00e1nie jadra ventilu pre jednoduch\u00e9 nalievanie tesniaceho mlieka<\/li>\n<li>Kompatibiln\u00e9 s v\u00e4\u010d\u0161inou dostupn\u00fdch bezdu\u0161ov\u00fdch r\u00e1fikov<\/li>\n<\/ul>\n","protected":false},"excerpt":{"rendered":"<p>Bezdu\u0161ov\u00fd ventil FR-11C (FV) je vyroben\u00fd z materi\u00e1lu AL (cel\u00e9 telo zo zliatiny hlin\u00edka) Sada 2 kusov D\u013a\u017eka ventilu 60<\/p>\n","protected":false},"featured_media":31051,"template":"","meta":{"_acf_changed":false},"product_brand":[],"product_cat":[697,1244],"product_tag":[],"class_list":{"0":"post-30294","1":"product","2":"type-product","3":"status-publish","4":"has-post-thumbnail","6":"product_cat-bezdusove-systemy","7":"product_cat-60-mm-sk","9":"first","10":"instock","11":"taxable","12":"shipping-taxable","13":"purchasable","14":"product-type-simple"},"bundled_by":[],"bundle_stock_status":"instock","bundle_stock_quantity":39,"bundle_virtual":false,"bundle_layout":"","bundle_add_to_cart_form_location":"","bundle_editable_in_cart":false,"bundle_sold_individually_context":"","bundle_item_grouping":"","bundle_min_size":"","bundle_max_size":"","bundle_price":[],"bundled_items":[],"bundle_sell_ids":[],"acf":[],"_links":{"self":[{"href":"https:\/\/b2b.p2rbike.com\/sk\/wp-json\/wp\/v2\/product\/30294","targetHints":{"allow":["GET"]}}],"collection":[{"href":"https:\/\/b2b.p2rbike.com\/sk\/wp-json\/wp\/v2\/product"}],"about":[{"href":"https:\/\/b2b.p2rbike.com\/sk\/wp-json\/wp\/v2\/types\/product"}],"wp:featuredmedia":[{"embeddable":true,"href":"https:\/\/b2b.p2rbike.com\/sk\/wp-json\/wp\/v2\/media\/31051"}],"wp:attachment":[{"href":"https:\/\/b2b.p2rbike.com\/sk\/wp-json\/wp\/v2\/media?parent=30294"}],"wp:term":[{"taxonomy":"product_brand","embeddable":true,"href":"https:\/\/b2b.p2rbike.com\/sk\/wp-json\/wp\/v2\/product_brand?post=30294"},{"taxonomy":"product_cat","embeddable":true,"href":"https:\/\/b2b.p2rbike.com\/sk\/wp-json\/wp\/v2\/product_cat?post=30294"},{"taxonomy":"product_tag","embeddable":true,"href":"https:\/\/b2b.p2rbike.com\/sk\/wp-json\/wp\/v2\/product_tag?post=30294"}],"curies":[{"name":"wp","href":"https:\/\/api.w.org\/{rel}","templated":true}]}}