{"id":30479,"date":"2024-11-08T03:01:31","date_gmt":"2024-11-08T02:01:31","guid":{"rendered":"https:\/\/b2b.p2rbike.com\/?post_type=product&#038;p=30479"},"modified":"2025-08-27T13:53:18","modified_gmt":"2025-08-27T11:53:18","slug":"p2r-mudman-70-26-29-zadny-copy","status":"publish","type":"product","link":"https:\/\/b2b.p2rbike.com\/sk\/produkt\/p2r-mudman-70-26-29-zadny-copy\/","title":{"rendered":"P2R MUDMAN 80, 27,5&#8243; &#8211; 29&#8243;, zadn\u00fd"},"content":{"rendered":"<p>MTB ZADN\u00dd BLATN\u00cdK<\/p>\n<p>M\u00e1te radi jazdenie na Va\u0161om bicykli, ale net\u00fa\u017eite po mokrom, \u0161pinavom a zablatenom oble\u010den\u00ed? N\u00e1\u0161 blatn\u00edk <strong>P2R MUDMAN 80 <\/strong>je t\u00fdm prav\u00fdm rie\u0161en\u00edm so spo\u013eahlivou ochranou.<\/p>\n<p>Vyroben\u00fd kombin\u00e1ciou 2 materi\u00e1lov: <strong>TPE\/PP <\/strong>(Termoplastick\u00e9 elastom\u00e9ry\/ Polypropyl\u00e9n) prin\u00e1\u0161a <strong>ve\u013emi n\u00edzku hmotnos\u0165 a\u00a0extr\u00e9mnu pru\u017enos\u0165 a odolnos\u0165<\/strong> za ka\u017ed\u00fdch podmienok.<\/p>\n<p>Kon\u0161trukciou blatn\u00edka s\u00a0m\u00e4kk\u00fdm okrajom (technick\u00e1 vlastnos\u0165 \u0161ed\u00e9ho materi\u00e1lu) sa dosiahla maxim\u00e1lna <strong>ochrana r\u00fak<\/strong> jazdca pred nechcen\u00fdm porezan\u00edm sa pri manipul\u00e1cii a\u00a0takisto ochrana <strong>r\u00e1mu bicykla vo\u010di po\u0161kriabaniu<\/strong> pri mont\u00e1\u017ei\/demont\u00e1\u017ei blatn\u00edka na bicykel.<\/p>\n<p>Bez rozdielu, \u010di jazd\u00edte v\u00a0lete pri hor\u00fa\u010dav\u00e1ch, alebo v\u00a0zime, pri n\u00edzkych teplot\u00e1ch, st\u00e1le ste v\u00fdborne chr\u00e1nen\u00ed pred striekaj\u00facim blatom a\u00a0\u0161pliechaj\u00facou vodou, \u010di in\u00fdmi ne\u010distotami.<\/p>\n<p>Dod\u00e1van\u00e9 s QR obj\u00edmkou na sedlovku bicykla, je uchytenie MUDMAN 80 ve\u013emi jednoduch\u00e9 a r\u00fdchle s <strong>mo\u017enos\u0165ou 2 bodov\u00e9ho nez\u00e1visl\u00e9ho nastavenia v\u00fd\u0161ky a\u00a0uhla<\/strong> blatn\u00edka.<\/p>\n<p>Rozsah priemeru obj\u00edmky umo\u017e\u0148uje <strong>mont\u00e1\u017e na takmer v\u0161etky typy a\u00a0ve\u013ekosti sedloviek<\/strong> do priemeru a\u017e <strong>34,9 mm<\/strong>.<\/p>\n<p>&nbsp;<\/p>\n<p><strong><br \/>\nVLASTNOSTI:<\/strong><\/p>\n<ul>\n<li>Vyroben\u00fd kombin\u00e1ciou 2 materi\u00e1lov: <strong>TPE\/PP <\/strong><\/li>\n<li><strong>Quick-release<\/strong> uchytenie na sedlovku bicykla<\/li>\n<li>Vhodn\u00fd pre bicykle s ve\u013ekos\u0165ou kolies: <strong>27,5&#8243; &#8211; <\/strong><strong>29\u201c<\/strong><\/li>\n<li>Pou\u017eite\u013en\u00fd pre \u0161\u00edrku pl\u00e1\u0161\u0165ov a\u017e do<strong> 3,0&#8243;<\/strong><\/li>\n<li>Pre sedlovky s\u00a0priemerom a\u017e do<strong> 34,9 mm<\/strong><\/li>\n<\/ul>\n<p><strong>DETAILY:<\/strong><\/p>\n<ul>\n<li>Celkov\u00e1 d\u013a\u017eka: <strong>610 mm<\/strong><\/li>\n<li>Celkov\u00e1 \u0161\u00edrka: <strong>103 mm<\/strong><\/li>\n<li>Hmotnos\u0165: <strong>450 g <\/strong><\/li>\n<\/ul>\n<p><strong><br \/>\n<\/strong><strong>BALENIE<\/strong><strong>: <\/strong>P2R baliaca karta<\/p>\n","protected":false},"excerpt":{"rendered":"<p>MTB ZADN\u00dd BLATN\u00cdK M\u00e1te radi jazdenie na Va\u0161om bicykli, ale net\u00fa\u017eite po mokrom, \u0161pinavom a zablatenom oble\u010den\u00ed? N\u00e1\u0161 blatn\u00edk P2R<\/p>\n","protected":false},"featured_media":30510,"template":"","meta":{"_acf_changed":false},"product_brand":[],"product_cat":[1040,1259],"product_tag":[],"class_list":{"0":"post-30479","1":"product","2":"type-product","3":"status-publish","4":"has-post-thumbnail","6":"product_cat-blatniky","7":"product_cat-mudguards_29-sk","9":"first","10":"instock","11":"taxable","12":"shipping-taxable","13":"purchasable","14":"product-type-simple"},"bundled_by":[],"bundle_stock_status":"instock","bundle_stock_quantity":888,"bundle_virtual":false,"bundle_layout":"","bundle_add_to_cart_form_location":"","bundle_editable_in_cart":false,"bundle_sold_individually_context":"","bundle_item_grouping":"","bundle_min_size":"","bundle_max_size":"","bundle_price":[],"bundled_items":[],"bundle_sell_ids":[],"acf":[],"_links":{"self":[{"href":"https:\/\/b2b.p2rbike.com\/sk\/wp-json\/wp\/v2\/product\/30479","targetHints":{"allow":["GET"]}}],"collection":[{"href":"https:\/\/b2b.p2rbike.com\/sk\/wp-json\/wp\/v2\/product"}],"about":[{"href":"https:\/\/b2b.p2rbike.com\/sk\/wp-json\/wp\/v2\/types\/product"}],"wp:featuredmedia":[{"embeddable":true,"href":"https:\/\/b2b.p2rbike.com\/sk\/wp-json\/wp\/v2\/media\/30510"}],"wp:attachment":[{"href":"https:\/\/b2b.p2rbike.com\/sk\/wp-json\/wp\/v2\/media?parent=30479"}],"wp:term":[{"taxonomy":"product_brand","embeddable":true,"href":"https:\/\/b2b.p2rbike.com\/sk\/wp-json\/wp\/v2\/product_brand?post=30479"},{"taxonomy":"product_cat","embeddable":true,"href":"https:\/\/b2b.p2rbike.com\/sk\/wp-json\/wp\/v2\/product_cat?post=30479"},{"taxonomy":"product_tag","embeddable":true,"href":"https:\/\/b2b.p2rbike.com\/sk\/wp-json\/wp\/v2\/product_tag?post=30479"}],"curies":[{"name":"wp","href":"https:\/\/api.w.org\/{rel}","templated":true}]}}