{"id":30828,"date":"2024-12-23T10:58:50","date_gmt":"2024-12-23T09:58:50","guid":{"rendered":"https:\/\/b2b.p2rbike.com\/?post_type=product&#038;p=30828"},"modified":"2026-04-16T10:18:15","modified_gmt":"2026-04-16T08:18:15","slug":"p2r-flatman-90-etd-3sb-copper-brown-copy-2","status":"publish","type":"product","link":"https:\/\/b2b.p2rbike.com\/sk\/produkt\/p2r-flatman-90-etd-3sb-copper-brown-copy-2\/","title":{"rendered":"P2R FLATMAN 90 ETD, 3SB titanium grey"},"content":{"rendered":"<p>Ped\u00e1le <strong>P2R FLATMAN 90 ETD<\/strong> s\u00fa nov\u00fdm, ve\u013emi elegantn\u00fdm modelom, ktor\u00fd up\u00fata oko jazdca na prv\u00fd poh\u013ead. Dizajnov\u00fd skvost, ktor\u00fd je <strong>\u013eah\u0161\u00ed, silnej\u0161\u00ed a\u00a0elegantnej\u0161\u00ed<\/strong> ako in\u00e9 modely v\u00a0tejto kateg\u00f3rii.<br \/>\nKon\u0161trukcia ped\u00e1lu je <strong>symetrick\u00e1<\/strong> a\u00a0nech\u00e1va vynikn\u00fa\u0165 n\u00e1dhern\u00e9 prechody jednotliv\u00fdch dizajnov\u00fdch l\u00edni\u00ed. V\u010faka zv\u00fd\u0161enej podpore si jazdec ve\u013emi r\u00fdchlo n\u00e1jde <strong>spr\u00e1vne umiestnenie nohy<\/strong>, m\u00e1 pevnej\u0161\u00ed z\u00e1ber a\u00a0vyu\u017eije potenci\u00e1l, ktor\u00fd mu na\u0161e ped\u00e1le prin\u00e1\u0161aj\u00fa.<br \/>\nSmelo m\u00f4\u017eeme poveda\u0165, \u017ee na\u0161e nov\u00e9 ped\u00e1le s\u00fa presne t\u00fdm, \u010do ste v\u00a0kateg\u00f3rii ped\u00e1lov s\u00a0platformou dodnes iba m\u00e1rne h\u013eadali. Prin\u00e1\u0161ame \u00faplne nov\u00fa dizajnov\u00fa a\u00a0kvalitat\u00edvnu l\u00edniu, kde sa stret\u00e1 <strong>maxim\u00e1lna pevnos\u0165 <\/strong>a <strong>odolnos\u0165, v\u00fdkon <\/strong>a\u00a0<strong>stabilita, komfortn\u00fd tvar <\/strong>a <strong>top technol\u00f3gia<\/strong>.<\/p>\n<p><strong><br \/>\nVLASTNOSTI:<\/strong><\/p>\n<ul>\n<li>Nov\u00fd exkluz\u00edvny<strong> dizajn s\u00a0luxusn\u00fdm preveden\u00edm<\/strong> s\u00a0vysok\u00fdm leskom<\/li>\n<li>Ped\u00e1l so silnou pri\u013enavos\u0165ou, <strong>symetrick\u00fd profil<\/strong> ped\u00e1la pre v\u00e4\u010d\u0161iu oporu nohy a\u00a0stabilitu<\/li>\n<li>Hr\u00fabka <strong>16 mm<\/strong> (meran\u00e9 na osi)<\/li>\n<li>Prec\u00edzna strojn\u00e1 v\u00fdroba (<strong>CNC<\/strong>): Presne opracovan\u00fd z hlin\u00edkovej zliatiny 6061 pre optim\u00e1lnu pevnos\u0165 a\u00a0n\u00edzku hmotnos\u0165<\/li>\n<li><strong>Optimalizovan\u00fd tvar<\/strong> pre maxim\u00e1lny komfort: Ergonomick\u00e1 platforma pre lep\u0161iu ovl\u00e1date\u013enos\u0165 a\u00a0maxim\u00e1lny prenos sily.<\/li>\n<li><strong>Perfektn\u00e1 pri\u013enavos\u0165<\/strong>: kombin\u00e1cia skrutiek a\u00a0pinov (<strong>8+4 ks<\/strong>) na ka\u017edej strane ped\u00e1la<\/li>\n<li>Trval\u00fd v\u00fdkon: <strong>3x priemyseln\u00e9 lo\u017eisk\u00e1<\/strong><\/li>\n<li>V balen\u00ed set s n\u00e1hradn\u00fdmi skrutkami a pinom<\/li>\n<\/ul>\n<p><strong><br \/>\nDETAJLY:<\/strong><\/p>\n<ul>\n<li>Telo ped\u00e1la: <strong>114 x 107 mm<\/strong><\/li>\n<li>Hmotnos\u0165: <strong>430 g<\/strong><\/li>\n<\/ul>\n<p><strong><br \/>\nFarebn\u00e9 alternat\u00edvy:<\/strong><\/p>\n<ul>\n<li>Black<\/li>\n<li>Copper brown (bronze)<\/li>\n<li>Red<\/li>\n<li>Navy blue<\/li>\n<li>Light blue<\/li>\n<li>Gold<\/li>\n<li>Purple<\/li>\n<li>Orange<\/li>\n<li>Titan grey<\/li>\n<li>Lime green<\/li>\n<\/ul>\n<p><strong><br \/>\nBALENIE<\/strong>: v dizajne P2R<\/p>\n","protected":false},"excerpt":{"rendered":"<p>Ped\u00e1le P2R FLATMAN 90 ETD s\u00fa nov\u00fdm, ve\u013emi elegantn\u00fdm modelom, ktor\u00fd up\u00fata oko jazdca na prv\u00fd poh\u013ead. Dizajnov\u00fd skvost, ktor\u00fd<\/p>\n","protected":false},"featured_media":31203,"template":"","meta":{"_acf_changed":false},"product_brand":[],"product_cat":[339,1266,1304],"product_tag":[],"class_list":{"0":"post-30828","1":"product","2":"type-product","3":"status-publish","4":"has-post-thumbnail","6":"product_cat-pedale","7":"product_cat-enduro-sk","8":"product_cat-flatman_90_etd-sk","10":"first","11":"instock","12":"taxable","13":"shipping-taxable","14":"purchasable","15":"product-type-simple"},"bundled_by":[],"bundle_stock_status":"instock","bundle_stock_quantity":40,"bundle_virtual":false,"bundle_layout":"","bundle_add_to_cart_form_location":"","bundle_editable_in_cart":false,"bundle_sold_individually_context":"","bundle_item_grouping":"","bundle_min_size":"","bundle_max_size":"","bundle_price":[],"bundled_items":[],"bundle_sell_ids":[],"acf":[],"_links":{"self":[{"href":"https:\/\/b2b.p2rbike.com\/sk\/wp-json\/wp\/v2\/product\/30828","targetHints":{"allow":["GET"]}}],"collection":[{"href":"https:\/\/b2b.p2rbike.com\/sk\/wp-json\/wp\/v2\/product"}],"about":[{"href":"https:\/\/b2b.p2rbike.com\/sk\/wp-json\/wp\/v2\/types\/product"}],"wp:featuredmedia":[{"embeddable":true,"href":"https:\/\/b2b.p2rbike.com\/sk\/wp-json\/wp\/v2\/media\/31203"}],"wp:attachment":[{"href":"https:\/\/b2b.p2rbike.com\/sk\/wp-json\/wp\/v2\/media?parent=30828"}],"wp:term":[{"taxonomy":"product_brand","embeddable":true,"href":"https:\/\/b2b.p2rbike.com\/sk\/wp-json\/wp\/v2\/product_brand?post=30828"},{"taxonomy":"product_cat","embeddable":true,"href":"https:\/\/b2b.p2rbike.com\/sk\/wp-json\/wp\/v2\/product_cat?post=30828"},{"taxonomy":"product_tag","embeddable":true,"href":"https:\/\/b2b.p2rbike.com\/sk\/wp-json\/wp\/v2\/product_tag?post=30828"}],"curies":[{"name":"wp","href":"https:\/\/api.w.org\/{rel}","templated":true}]}}