{"id":31073,"date":"2025-01-08T14:20:21","date_gmt":"2025-01-08T13:20:21","guid":{"rendered":"https:\/\/b2b.p2rbike.com\/?post_type=product&#038;p=31073"},"modified":"2026-05-04T09:53:30","modified_gmt":"2026-05-04T07:53:30","slug":"p2r-bezdusovy-ventil-fr-11c-al-60-mm-black-oem-copy","status":"publish","type":"product","link":"https:\/\/b2b.p2rbike.com\/sk\/produkt\/p2r-bezdusovy-ventil-fr-11c-al-60-mm-black-oem-copy\/","title":{"rendered":"P2R bezdu\u0161ov\u00fd ventil TV46BR, AL, 46mm, bronze (OEM)"},"content":{"rendered":"<ul>\n<li>Bezdu\u0161ov\u00fd ventil <b>TV46<\/b>\u00a0(FV) je vyroben\u00fd z materi\u00e1lu\u00a0<strong>AL<\/strong>\u00a0(cel\u00e9 telo zo zliatiny hlin\u00edka)<\/li>\n<li>Sada\u00a0<strong>2 kusov<\/strong><\/li>\n<li>D\u013a\u017eka ventilu <strong>46 mm<\/strong><\/li>\n<li><strong>6-hrann\u00fd otvor<\/strong>\u00a0v spodnej \u010dasti (jednoduch\u00e1 in\u0161tal\u00e1cia pou\u017eit\u00edm k\u013e\u00fa\u010da hex) a <strong>2 bo\u010dn\u00e9 otvory<\/strong><\/li>\n<li>Z\u00e1klad\u0148a ventilu s gumen\u00fdm tesnen\u00edm\u00a0chr\u00e1ni pred \u00fanikom mlieka a \u00faniku tlaku\u00a0z pneumat\u00edk<\/li>\n<li><strong>Poistn\u00e1 matica ventilu s gumen\u00fdm O-kr\u00fa\u017ekom<\/strong>\u00a0pre bezpe\u010dn\u00e9 upevnenie (chr\u00e1ni pred samovo\u013en\u00fdm uvo\u013enen\u00edm matice) a ochranu pred vyte\u010den\u00edm mlieka a straty tlaku z pneumat\u00edk<\/li>\n<li><strong>2 kusy<\/strong> AL \u010diapo\u010diek s otvorom pre uvo\u013enenie\/odstr\u00e1nie jadra ventilu pre jednoduch\u00e9 nalievanie tesniaceho mlieka<\/li>\n<li>Kompatibiln\u00e9 s v\u00e4\u010d\u0161inou dostupn\u00fdch bezdu\u0161ov\u00fdch r\u00e1fikov<\/li>\n<li>Farebn\u00e9 mo\u017enosti: limetov\u00e1 zelen\u00e1, bronzov\u00e1, d\u00fahov\u00e1 (oil slik)<\/li>\n<\/ul>\n","protected":false},"excerpt":{"rendered":"<p>Bezdu\u0161ov\u00fd ventil TV46\u00a0(FV) je vyroben\u00fd z materi\u00e1lu\u00a0AL\u00a0(cel\u00e9 telo zo zliatiny hlin\u00edka) Sada\u00a02 kusov D\u013a\u017eka ventilu 46 mm 6-hrann\u00fd otvor\u00a0v spodnej<\/p>\n","protected":false},"featured_media":31084,"template":"","meta":{"_acf_changed":false},"product_brand":[],"product_cat":[697,1237],"product_tag":[],"class_list":{"0":"post-31073","1":"product","2":"type-product","3":"status-publish","4":"has-post-thumbnail","6":"product_cat-bezdusove-systemy","7":"product_cat-46-mm-sk-2","9":"first","10":"instock","11":"taxable","12":"shipping-taxable","13":"purchasable","14":"product-type-simple"},"bundled_by":[],"bundle_stock_status":"instock","bundle_stock_quantity":43,"bundle_virtual":false,"bundle_layout":"","bundle_add_to_cart_form_location":"","bundle_editable_in_cart":false,"bundle_sold_individually_context":"","bundle_item_grouping":"","bundle_min_size":"","bundle_max_size":"","bundle_price":[],"bundled_items":[],"bundle_sell_ids":[],"acf":[],"_links":{"self":[{"href":"https:\/\/b2b.p2rbike.com\/sk\/wp-json\/wp\/v2\/product\/31073","targetHints":{"allow":["GET"]}}],"collection":[{"href":"https:\/\/b2b.p2rbike.com\/sk\/wp-json\/wp\/v2\/product"}],"about":[{"href":"https:\/\/b2b.p2rbike.com\/sk\/wp-json\/wp\/v2\/types\/product"}],"wp:featuredmedia":[{"embeddable":true,"href":"https:\/\/b2b.p2rbike.com\/sk\/wp-json\/wp\/v2\/media\/31084"}],"wp:attachment":[{"href":"https:\/\/b2b.p2rbike.com\/sk\/wp-json\/wp\/v2\/media?parent=31073"}],"wp:term":[{"taxonomy":"product_brand","embeddable":true,"href":"https:\/\/b2b.p2rbike.com\/sk\/wp-json\/wp\/v2\/product_brand?post=31073"},{"taxonomy":"product_cat","embeddable":true,"href":"https:\/\/b2b.p2rbike.com\/sk\/wp-json\/wp\/v2\/product_cat?post=31073"},{"taxonomy":"product_tag","embeddable":true,"href":"https:\/\/b2b.p2rbike.com\/sk\/wp-json\/wp\/v2\/product_tag?post=31073"}],"curies":[{"name":"wp","href":"https:\/\/api.w.org\/{rel}","templated":true}]}}