{"id":31584,"date":"2025-01-29T14:28:33","date_gmt":"2025-01-29T13:28:33","guid":{"rendered":"https:\/\/b2b.p2rbike.com\/?post_type=product&#038;p=31584"},"modified":"2026-03-23T12:05:10","modified_gmt":"2026-03-23T11:05:10","slug":"p2r-avenir-retazovy-zamok-6x1000mm-copy","status":"publish","type":"product","link":"https:\/\/b2b.p2rbike.com\/sk\/produkt\/p2r-avenir-retazovy-zamok-6x1000mm-copy\/","title":{"rendered":"P2R REAX 50 skladac\u00ed z\u00e1mok"},"content":{"rendered":"<p><strong>P2R REAX 50<\/strong> patr\u00ed medzi najpevnej\u0161ie a\u00a0najbezpe\u010dnej\u0161ie z\u00e1mky. Pom\u00f4\u017ee ochr\u00e1ni\u0165 V\u00e1\u0161 bicykel bez oh\u013eadu na to, kde ho parkujete alebo skladujete.<\/p>\n<p><strong><br \/>\nVLASTNOSTI<\/strong>:<\/p>\n<p>\u2022 \u00darove\u0148 bezpe\u010dnosti <strong>8<br \/>\n<\/strong>\u2022 Testovan\u00e9 v <strong>MTL<\/strong> (certifikovan\u00e9 laborat\u00f3rium v\u00fdrobcu)<br \/>\n\u2022 Vyroben\u00fd z kalenej mang\u00e1novej ocele (<strong>Mn Steel)<br \/>\n<\/strong>\u2022 <strong>Ochrann\u00fd nylonov\u00fd n\u00e1vlek<\/strong> s logom P2R chr\u00e1ni pred po\u0161kriaban\u00edm a po\u0161koden\u00edm r\u00e1mu bicykla<br \/>\n\u2022 Plastov\u00e1 povrchov\u00e1 \u00faprava \u010dl\u00e1nkov chr\u00e1ni r\u00e1m bicykla pred nechcen\u00fdm po\u0161kriaban\u00edm<br \/>\n\u2022 Logo na hlave z\u00e1mku a\u00a0jednotliv\u00fdch \u010dl\u00e1nkoch je vyroben\u00e9 technol\u00f3giou laser printing<br \/>\n\u2022 <strong>Dust cap <\/strong>&#8211; chr\u00e1ni pred prachom a vlhkos\u0165ou a predl\u017euje t\u00fdm \u017eivotnos\u0165 a funkciu z\u00e1mku<\/p>\n<p>&nbsp;<\/p>\n<p><strong>DETAILY<\/strong>:<\/p>\n<p>\u2022 D\u013a\u017eka <strong>850 mm<br \/>\n<\/strong>\u2022 Hmotnos\u0165: <strong>730 g<\/strong> (iba telo z\u00e1mku)\/<strong>830 g<\/strong> (vr\u00e1tane plastov\u00e9ho dr\u017eiaka)<br \/>\n\u2022 3 ks k\u013e\u00fa\u010dov, z toho 1 ks s <strong>LED di\u00f3dou<\/strong> pre jednoduch\u0161iu obsluhu a\u00a0pr\u00e1cu<br \/>\n\u2022 hr\u00fabka \u010dl\u00e1nku: <strong>7,1 mm<\/strong><br \/>\n\u2022 hr\u00fabka oce\u013eov\u00e9ho pl\u00e1tu: <strong>4,2 mm<\/strong><\/p>\n<p><strong>\u00a0<\/strong><\/p>\n<p><strong>BALENIE<\/strong>: krabi\u010dka v\u00a0dizajne P2R<\/p>\n","protected":false},"excerpt":{"rendered":"<p>P2R REAX 50 patr\u00ed medzi najpevnej\u0161ie a\u00a0najbezpe\u010dnej\u0161ie z\u00e1mky. Pom\u00f4\u017ee ochr\u00e1ni\u0165 V\u00e1\u0161 bicykel bez oh\u013eadu na to, kde ho parkujete alebo<\/p>\n","protected":false},"featured_media":31692,"template":"","meta":{"_acf_changed":false},"product_brand":[],"product_cat":[428,1343],"product_tag":[],"class_list":{"0":"post-31584","1":"product","2":"type-product","3":"status-publish","4":"has-post-thumbnail","6":"product_cat-zamky","7":"product_cat-skladaci-zamok","9":"first","10":"instock","11":"taxable","12":"shipping-taxable","13":"purchasable","14":"product-type-simple"},"bundled_by":[],"bundle_stock_status":"instock","bundle_stock_quantity":291,"bundle_virtual":false,"bundle_layout":"","bundle_add_to_cart_form_location":"","bundle_editable_in_cart":false,"bundle_sold_individually_context":"","bundle_item_grouping":"","bundle_min_size":"","bundle_max_size":"","bundle_price":[],"bundled_items":[],"bundle_sell_ids":[],"acf":[],"_links":{"self":[{"href":"https:\/\/b2b.p2rbike.com\/sk\/wp-json\/wp\/v2\/product\/31584","targetHints":{"allow":["GET"]}}],"collection":[{"href":"https:\/\/b2b.p2rbike.com\/sk\/wp-json\/wp\/v2\/product"}],"about":[{"href":"https:\/\/b2b.p2rbike.com\/sk\/wp-json\/wp\/v2\/types\/product"}],"wp:featuredmedia":[{"embeddable":true,"href":"https:\/\/b2b.p2rbike.com\/sk\/wp-json\/wp\/v2\/media\/31692"}],"wp:attachment":[{"href":"https:\/\/b2b.p2rbike.com\/sk\/wp-json\/wp\/v2\/media?parent=31584"}],"wp:term":[{"taxonomy":"product_brand","embeddable":true,"href":"https:\/\/b2b.p2rbike.com\/sk\/wp-json\/wp\/v2\/product_brand?post=31584"},{"taxonomy":"product_cat","embeddable":true,"href":"https:\/\/b2b.p2rbike.com\/sk\/wp-json\/wp\/v2\/product_cat?post=31584"},{"taxonomy":"product_tag","embeddable":true,"href":"https:\/\/b2b.p2rbike.com\/sk\/wp-json\/wp\/v2\/product_tag?post=31584"}],"curies":[{"name":"wp","href":"https:\/\/api.w.org\/{rel}","templated":true}]}}