{"id":31780,"date":"2025-02-01T12:42:17","date_gmt":"2025-02-01T11:42:17","guid":{"rendered":"https:\/\/b2b.p2rbike.com\/?post_type=product&#038;p=31780"},"modified":"2026-02-18T16:19:46","modified_gmt":"2026-02-18T15:19:46","slug":"p2r-flatman-80-mt-3sb-navy-blue-copy","status":"publish","type":"product","link":"https:\/\/b2b.p2rbike.com\/sk\/produkt\/p2r-flatman-80-mt-3sb-navy-blue-copy\/","title":{"rendered":"P2R FLATMAN 80 MT, 3SB gold"},"content":{"rendered":"<p>N\u00edzka hmotnos\u0165, elegantn\u00fd dizajn, v\u00fdborn\u00e9 technick\u00e9 parametre aj vlastnosti. Toto je stru\u010dn\u00e1 charakteristika n\u00e1\u0161ho nov\u00e9ho modelu ped\u00e1lov <strong>P2R FLATMAN 80MT<\/strong>.<br \/>\nNa\u0161im hlavn\u00fdm z\u00e1merom nebolo iba vyvin\u00fa\u0165 ped\u00e1le vhodn\u00e9 pre takmer ka\u017ed\u00fa cyklistick\u00fa kateg\u00f3riu, ale chceli sme prinies\u0165 nie\u010do v\u00fdnimo\u010dne pekn\u00e9, \u010do by pote\u0161ilo srdce ka\u017ed\u00e9ho nad\u0161enca cyklistiky. A preto sme sa sna\u017eili zn\u00ed\u017ei\u0165 hmotnos\u0165 v ka\u017edej elegantnej krivke, ka\u017ed\u00fdm pekn\u00fdm detailom, okolo ka\u017ed\u00e9ho pinu a taktie\u017e na bo\u010dnej strane, samozrejme pri zachovan\u00ed v\u0161etk\u00fdch vlastnost\u00ed, ktor\u00e9 jazdci od ped\u00e1lov o\u010dak\u00e1vaj\u00fa.<br \/>\nV\u010faka platforme s\u00a0optim\u00e1lnou ve\u013ekos\u0165ou <strong>100 mm x 99 mm a\u00a012 ks pinov<\/strong> na ka\u017edej strane, si jazdec \u013eahko n\u00e1jde ide\u00e1lnu poz\u00edciu pre nohu, \u010d\u00edm FLATMAN 80 zabezpe\u010d\u00ed pocit istoty aj v\u00a0r\u00fdchlych zjazdoch a z\u00e1krut\u00e1ch.<br \/>\nOs ped\u00e1lu z <strong>Cr-Mo<\/strong> materi\u00e1lu (chr\u00f3m-molybd\u00e9n) je vyroben\u00e1 technol\u00f3giou CNC obr\u00e1bania. <strong>3x<\/strong> kvalitn\u00e9 <strong>priemyseln\u00e9 lo\u017eisk\u00e1<\/strong> zais\u0165uj\u00fa bezprobl\u00e9mov\u00fd chod, plynul\u00e9 \u0161liapanie a dlh\u00fa \u017eivotnos\u0165 bez \u0165a\u017ekost\u00ed.<\/p>\n<p><strong>VLASTNOSTI:<br \/>\n<\/strong><\/p>\n<ul>\n<li>Ur\u010den\u00e9 pre takmer v\u0161etky cyklistick\u00e9 kateg\u00f3rie <strong>BMX\/MTB\/Trail\/Enduro\/Trekking\/City<\/strong><\/li>\n<li>Os: Chr\u00f3m-Molybd\u00e9n (<strong>Cr-Mo<\/strong>) vyroben\u00e1 technol\u00f3giou <strong>CNC obr\u00e1bania<\/strong><\/li>\n<li><strong>3x priemyseln\u00e9 lo\u017eisko<\/strong> pre hladk\u00fd bezprobl\u00e9mov\u00fd chod, plynul\u00e9 \u0161liapanie a dlh\u00fa \u017eivotnos\u0165<\/li>\n<li>V\u00fd\u0161ka: <strong>18 mm<\/strong><\/li>\n<li>Ve\u013ekos\u0165 platformy: <strong>100 x 99 mm<\/strong><\/li>\n<li>Hmotnos\u0165: <strong><strong>340 g\/p\u00e1r<\/strong><\/strong><\/li>\n<\/ul>\n<p><strong>DETAILY<\/strong>:<\/p>\n<ul>\n<li><strong>Symetrick\u00fd profil<\/strong> ped\u00e1lu pre lep\u0161iu oporu chodidla a stabilitu<\/li>\n<li><strong>12 pinov<\/strong> na ka\u017edej strane ped\u00e1lu<\/li>\n<li>Vyroben\u00e9 z\u00a0materi\u00e1lu <strong>AL 6061 T6<\/strong><\/li>\n<li>Obsahuje <strong>extra sadu<\/strong> z\u00e1lo\u017en\u00fdch pinov<\/li>\n<li>Sat\u00e9nov\u00fd matn\u00fd povrch s hlbok\u00fdm farebn\u00fdm leskom<\/li>\n<\/ul>\n<p><strong><br \/>\nFAREBN\u00c9 ALTERNAT\u00cdVY:<\/strong><\/p>\n<ul>\n<li>Black<\/li>\n<li>Copper brown<\/li>\n<li>Red<\/li>\n<li>Navy blue<\/li>\n<li>Light blue<\/li>\n<li>Gold<\/li>\n<li>Purple<\/li>\n<li>Orange<\/li>\n<li>Titanium grey<\/li>\n<li>Lime green<\/li>\n<li>Magenta pink<\/li>\n<\/ul>\n<p><strong><br \/>\nBALENIE<\/strong>: krabi\u010dka v dizajne P2R<\/p>\n","protected":false},"excerpt":{"rendered":"<p>N\u00edzka hmotnos\u0165, elegantn\u00fd dizajn, v\u00fdborn\u00e9 technick\u00e9 parametre aj vlastnosti. Toto je stru\u010dn\u00e1 charakteristika n\u00e1\u0161ho nov\u00e9ho modelu ped\u00e1lov P2R FLATMAN 80MT.<\/p>\n","protected":false},"featured_media":32128,"template":"","meta":{"_acf_changed":false},"product_brand":[],"product_cat":[339,340,1276],"product_tag":[],"class_list":{"0":"post-31780","1":"product","2":"type-product","3":"status-publish","4":"has-post-thumbnail","6":"product_cat-pedale","7":"product_cat-mtb-sk","8":"product_cat-flatman_80-sk","10":"first","11":"instock","12":"taxable","13":"shipping-taxable","14":"purchasable","15":"product-type-simple"},"bundled_by":[],"bundle_stock_status":"instock","bundle_stock_quantity":20,"bundle_virtual":false,"bundle_layout":"","bundle_add_to_cart_form_location":"","bundle_editable_in_cart":false,"bundle_sold_individually_context":"","bundle_item_grouping":"","bundle_min_size":"","bundle_max_size":"","bundle_price":[],"bundled_items":[],"bundle_sell_ids":[],"acf":[],"_links":{"self":[{"href":"https:\/\/b2b.p2rbike.com\/sk\/wp-json\/wp\/v2\/product\/31780","targetHints":{"allow":["GET"]}}],"collection":[{"href":"https:\/\/b2b.p2rbike.com\/sk\/wp-json\/wp\/v2\/product"}],"about":[{"href":"https:\/\/b2b.p2rbike.com\/sk\/wp-json\/wp\/v2\/types\/product"}],"wp:featuredmedia":[{"embeddable":true,"href":"https:\/\/b2b.p2rbike.com\/sk\/wp-json\/wp\/v2\/media\/32128"}],"wp:attachment":[{"href":"https:\/\/b2b.p2rbike.com\/sk\/wp-json\/wp\/v2\/media?parent=31780"}],"wp:term":[{"taxonomy":"product_brand","embeddable":true,"href":"https:\/\/b2b.p2rbike.com\/sk\/wp-json\/wp\/v2\/product_brand?post=31780"},{"taxonomy":"product_cat","embeddable":true,"href":"https:\/\/b2b.p2rbike.com\/sk\/wp-json\/wp\/v2\/product_cat?post=31780"},{"taxonomy":"product_tag","embeddable":true,"href":"https:\/\/b2b.p2rbike.com\/sk\/wp-json\/wp\/v2\/product_tag?post=31780"}],"curies":[{"name":"wp","href":"https:\/\/api.w.org\/{rel}","templated":true}]}}