{"id":31891,"date":"2025-02-13T12:42:16","date_gmt":"2025-02-13T11:42:16","guid":{"rendered":"https:\/\/b2b.p2rbike.com\/?post_type=product&#038;p=31891"},"modified":"2026-04-09T14:20:39","modified_gmt":"2026-04-09T12:20:39","slug":"p2r-lumoix-70-copy","status":"publish","type":"product","link":"https:\/\/b2b.p2rbike.com\/sk\/produkt\/p2r-lumoix-70-copy\/","title":{"rendered":"P2R LUMOIX 120"},"content":{"rendered":"<p>Set osvetlenia<strong> P2R LUMOIX 120 <\/strong>prin\u00e1\u0161a kombin\u00e1ciu v\u00fdkonn\u00e9ho predn\u00e9ho osvetlenia s\u00a0v\u00fdkonom a\u017e <strong>1200 Lm<\/strong> a\u00a0bezpe\u010dnostn\u00e9ho osvetlenia s\u00a0v\u00fdkonom <strong>30 Lm<\/strong>. Obidve osvetlenia s\u00fa USB-C nab\u00edjate\u013en\u00e9, vyroben\u00e9 zo zl\u00fa\u010deniny AL a\u00a0opracovan\u00e9 technol\u00f3giou CNC obr\u00e1bania, ktor\u00e9 je garantom presnosti, kr\u00e1sneho dizajnu a\u00a0samozrejme kvality.<br \/>\nPredn\u00e9 osvetlenie pou\u017e\u00edva oto\u010dn\u00fd dr\u017eiak typu Garmin s\u00a0jednoduch\u00fdm a\u00a0r\u00fdchlym uchyten\u00edm, \u00farove\u0148 vo\u010di striekaj\u00facej vode <strong>IPX4<\/strong> a\u00a0bat\u00e9riu s\u00a0kapacitou <strong>5000mAh<\/strong>, ktor\u00e1 ho predur\u010duje okrem cyklistiky pre r\u00f4zne \u00fa\u010dely pou\u017eitia napr.: <strong>turistika, ale takisto kempovanie, v\u00a0dom\u00e1cnosti \u010di gar\u00e1\u017ei.<br \/>\n<\/strong>Upraven\u00e1 optika zvy\u0161uje \u00fa\u010dinnos\u0165 predn\u00e9ho osvetlenia pred a\u00a0po bo\u010dnej strane bicykla, \u010do jazdcovi prin\u00e1\u0161a ove\u013ea lep\u0161\u00ed preh\u013ead o\u00a0nerovnostiach a\u00a0prek\u00e1\u017ekach.<strong><br \/>\n<\/strong>Bezpe\u010dnostn\u00e9 osvetlenie m\u00e1 priesvitn\u00fd zadn\u00fd kryt, \u010do pom\u00e1ha zv\u00fd\u0161i\u0165 vidite\u013enos\u0165 a\u017e na 270 stup\u0148ov.<br \/>\n<strong>LUMOIX 120<\/strong>\u00a0nerob\u00ed kompromisy a\u00a0prin\u00e1\u0161a maximum vidite\u013enosti a\u00a0bezpe\u010dnosti bez oh\u013eadu na to, \u010di m\u00e1te bicykel MTB, treking, gravel, mestsk\u00fd alebo cestn\u00fd.<br \/>\n\u0160peci\u00e1lna funkcia predn\u00e9ho osvetlenia \u201epower bank\u201c umo\u017e\u0148uje v\u00a0pr\u00edpade potreby dobi\u0165 mobiln\u00fd telef\u00f3n (potrebn\u00fd k\u00e1bel s\u00a0redukciou 2x USB-C je dod\u00e1van\u00fd v\u00a0balen\u00ed)<\/p>\n<p>DETAILY PREDN\u00c9HO SVETLA:<br \/>\nV\u00fdkon:\u00a0<strong>1200 Lm<br \/>\n<\/strong>Zdroj svetla:<strong> LED JRHP50<br \/>\n<\/strong>Typ bat\u00e9rie:\u00a0<strong>21700 Li-ion<br \/>\n<\/strong>Kapacita bat\u00e9rie: <strong>5000mAh<br \/>\n<\/strong>\u017divotnos\u0165 bat\u00e9rie: 100% (<strong>3h30 min<\/strong>) \u2013 50% (<strong>6h30 min<\/strong>) \u2013 25% (<strong>8h<\/strong>) &#8211; Flash light (<strong>5h30 min<\/strong>)<br \/>\nRozmery:\u00a0<strong>105 x 31 x 32 mm<\/strong>\u00a0(telo svetla bez dr\u017eiaku)<br \/>\n\u010cas nab\u00edjania:\u00a0indikovan\u00e9 blikaj\u00facou \u010dervenou di\u00f3dou <strong>3h30 min <\/strong>(pri pou\u017eit\u00ed zdroja 5V\/2A)<br \/>\nIndik\u00e1tor nabitia bat\u00e9rie: zelen\u00e1 farba (<strong>100% &#8211; 30%<\/strong>) \u2013 \u010derven\u00e1 farba (<strong>30% &#8211; 10%<\/strong>) \u2013 blikaj\u00faca \u010derven\u00e1 farba (menej ako <strong>10%<\/strong>)<br \/>\nHmotnos\u0165:\u00a0<strong>160 g<\/strong>\u00a0(telo svetla),\u00a0<strong>18 g<\/strong>\u00a0(dr\u017eiak)<br \/>\nOdolnos\u0165 vo\u010di vode:\u00a0<strong>IPX4<\/strong><br \/>\n<strong>Pam\u00e4\u0165ov\u00fd efekt:<\/strong> po vypnut\u00ed a\u00a0op\u00e4tovnom zapnut\u00ed svetlo svieti v poslednom pou\u017eitom m\u00f3de<br \/>\n<strong>Power banka<\/strong>: umo\u017e\u0148uje nab\u00edja\u0165 mobiln\u00fd telef\u00f3n (potrebn\u00fd k\u00e1bel je s\u00fa\u010das\u0165 balenia)<\/p>\n<p>DETAILY ZADN\u00c9HO OSVETENIA<strong><br \/>\n<\/strong>V\u00fdkon:\u00a0<strong>30 lm<br \/>\n<\/strong>Typ bat\u00e9rie:\u00a01*702025 polymer <strong>300mAh<br \/>\n<\/strong>\u017divotnos\u0165 bat\u00e9rie: (v z\u00e1vislosti od zvolen\u00e9ho m\u00f3du): 1. m\u00f3d: <strong>8h30 min<\/strong> \u00a0&#8211; 2. m\u00f3d: <strong>18h30 min<\/strong> &#8211; 3. m\u00f3d: <strong>6h30 min<\/strong> &#8211; 4. m\u00f3d: <strong>6h30 min<\/strong> &#8211; 5. m\u00f3d: <strong>5h30 min<\/strong> &#8211; 6. m\u00f3d: <strong>3h30 min<\/strong><br \/>\n\u010cas nab\u00edjania:\u00a0<strong>1h30 min <\/strong>indikovan\u00e9 blikaj\u00facim zelen\u00fdm svetlom<strong><br \/>\n<\/strong>Rozmer:\u00a0<strong>37*33*19 mm<br \/>\n<\/strong>Hmotnos\u0165:\u00a0\u00a0<strong>20 g<\/strong>\u00a0(iba telo svetla),\u00a0<strong>14 g<\/strong>\u00a0dr\u017eiak<br \/>\n\u00darove\u0148 odolnosti: <strong>IPX2<\/strong><br \/>\n<strong><br \/>\nPR\u00cdSLU\u0160ENSTVO<\/strong>:<br \/>\n&#8211; k\u00e1bel USB -C pre bezpe\u010dnostn\u00e9 osvetlenie (s\u00fa\u010das\u0165 balenia)<br \/>\n&#8211; k\u00e1bel USB 3.0 na USB-C s\u00a0redukciou USB-C na USB-C pre predn\u00e9 osvetlenie (s\u00fa\u010das\u0165 balenia)<\/p>\n<p><strong>KOMPATIBILITA<\/strong>:<br \/>\n&#8211; Pre v\u0161etky be\u017en\u00e9 tvary a\u00a0rozmery riadidiel a\u00a0sedloviek<\/p>\n<p><strong>BALENIE<\/strong>: P2R baliaca krabi\u010dka<\/p>\n<p>&nbsp;<\/p>\n<p>&nbsp;<\/p>\n","protected":false},"excerpt":{"rendered":"<p>Set osvetlenia P2R LUMOIX 120 prin\u00e1\u0161a kombin\u00e1ciu v\u00fdkonn\u00e9ho predn\u00e9ho osvetlenia s\u00a0v\u00fdkonom a\u017e 1200 Lm a\u00a0bezpe\u010dnostn\u00e9ho osvetlenia s\u00a0v\u00fdkonom 30 Lm. Obidve<\/p>\n","protected":false},"featured_media":31900,"template":"","meta":{"_acf_changed":false},"product_brand":[],"product_cat":[418,421],"product_tag":[],"class_list":{"0":"post-31891","1":"product","2":"type-product","3":"status-publish","4":"has-post-thumbnail","6":"product_cat-osvetlenie","7":"product_cat-set-osvetlenia","9":"first","10":"instock","11":"taxable","12":"shipping-taxable","13":"purchasable","14":"product-type-simple"},"bundled_by":[],"bundle_stock_status":"instock","bundle_stock_quantity":559,"bundle_virtual":false,"bundle_layout":"","bundle_add_to_cart_form_location":"","bundle_editable_in_cart":false,"bundle_sold_individually_context":"","bundle_item_grouping":"","bundle_min_size":"","bundle_max_size":"","bundle_price":[],"bundled_items":[],"bundle_sell_ids":[],"acf":[],"_links":{"self":[{"href":"https:\/\/b2b.p2rbike.com\/sk\/wp-json\/wp\/v2\/product\/31891","targetHints":{"allow":["GET"]}}],"collection":[{"href":"https:\/\/b2b.p2rbike.com\/sk\/wp-json\/wp\/v2\/product"}],"about":[{"href":"https:\/\/b2b.p2rbike.com\/sk\/wp-json\/wp\/v2\/types\/product"}],"wp:featuredmedia":[{"embeddable":true,"href":"https:\/\/b2b.p2rbike.com\/sk\/wp-json\/wp\/v2\/media\/31900"}],"wp:attachment":[{"href":"https:\/\/b2b.p2rbike.com\/sk\/wp-json\/wp\/v2\/media?parent=31891"}],"wp:term":[{"taxonomy":"product_brand","embeddable":true,"href":"https:\/\/b2b.p2rbike.com\/sk\/wp-json\/wp\/v2\/product_brand?post=31891"},{"taxonomy":"product_cat","embeddable":true,"href":"https:\/\/b2b.p2rbike.com\/sk\/wp-json\/wp\/v2\/product_cat?post=31891"},{"taxonomy":"product_tag","embeddable":true,"href":"https:\/\/b2b.p2rbike.com\/sk\/wp-json\/wp\/v2\/product_tag?post=31891"}],"curies":[{"name":"wp","href":"https:\/\/api.w.org\/{rel}","templated":true}]}}