{"id":32187,"date":"2025-03-11T13:46:24","date_gmt":"2025-03-11T12:46:24","guid":{"rendered":"https:\/\/b2b.p2rbike.com\/?post_type=product&#038;p=32187"},"modified":"2025-04-13T20:58:28","modified_gmt":"2025-04-13T18:58:28","slug":"p2r-flatman-90-etd-sada-skrutiek-5-5-mm-16-ks","status":"publish","type":"product","link":"https:\/\/b2b.p2rbike.com\/sk\/produkt\/p2r-flatman-90-etd-sada-skrutiek-5-5-mm-16-ks\/","title":{"rendered":"P2R FLATMAN 90 ETD, sada skrutiek 5.5 mm (16 ks)"},"content":{"rendered":"<ul>\n<li>kit obsahuje 16 ks skrutiek pre ped\u00e1l P2R FLATMAN 90 ETD, ktor\u00fd ti zabezpe\u010d\u00ed istotu v ka\u017edom okamihu tvojej jazdy<\/li>\n<\/ul>\n","protected":false},"excerpt":{"rendered":"<p>kit obsahuje 16 ks skrutiek pre ped\u00e1l P2R FLATMAN 90 ETD, ktor\u00fd ti zabezpe\u010d\u00ed istotu v ka\u017edom okamihu tvojej jazdy<\/p>\n","protected":false},"featured_media":32193,"template":"","meta":{"_acf_changed":false},"product_brand":[],"product_cat":[339,1266,1304],"product_tag":[],"class_list":{"0":"post-32187","1":"product","2":"type-product","3":"status-publish","4":"has-post-thumbnail","6":"product_cat-pedale","7":"product_cat-enduro-sk","8":"product_cat-flatman_90_etd-sk","10":"first","11":"instock","12":"taxable","13":"shipping-taxable","14":"purchasable","15":"product-type-simple"},"bundled_by":[],"bundle_stock_status":"instock","bundle_stock_quantity":81,"bundle_virtual":false,"bundle_layout":"","bundle_add_to_cart_form_location":"","bundle_editable_in_cart":false,"bundle_sold_individually_context":"","bundle_item_grouping":"","bundle_min_size":"","bundle_max_size":"","bundle_price":[],"bundled_items":[],"bundle_sell_ids":[],"acf":[],"_links":{"self":[{"href":"https:\/\/b2b.p2rbike.com\/sk\/wp-json\/wp\/v2\/product\/32187","targetHints":{"allow":["GET"]}}],"collection":[{"href":"https:\/\/b2b.p2rbike.com\/sk\/wp-json\/wp\/v2\/product"}],"about":[{"href":"https:\/\/b2b.p2rbike.com\/sk\/wp-json\/wp\/v2\/types\/product"}],"wp:featuredmedia":[{"embeddable":true,"href":"https:\/\/b2b.p2rbike.com\/sk\/wp-json\/wp\/v2\/media\/32193"}],"wp:attachment":[{"href":"https:\/\/b2b.p2rbike.com\/sk\/wp-json\/wp\/v2\/media?parent=32187"}],"wp:term":[{"taxonomy":"product_brand","embeddable":true,"href":"https:\/\/b2b.p2rbike.com\/sk\/wp-json\/wp\/v2\/product_brand?post=32187"},{"taxonomy":"product_cat","embeddable":true,"href":"https:\/\/b2b.p2rbike.com\/sk\/wp-json\/wp\/v2\/product_cat?post=32187"},{"taxonomy":"product_tag","embeddable":true,"href":"https:\/\/b2b.p2rbike.com\/sk\/wp-json\/wp\/v2\/product_tag?post=32187"}],"curies":[{"name":"wp","href":"https:\/\/api.w.org\/{rel}","templated":true}]}}