{"id":32503,"date":"2025-03-27T14:59:56","date_gmt":"2025-03-27T13:59:56","guid":{"rendered":"https:\/\/b2b.p2rbike.com\/?post_type=product&#038;p=32503"},"modified":"2025-06-16T14:43:52","modified_gmt":"2025-06-16T12:43:52","slug":"p2r-funki-girl-pink-8-10-r-copy","status":"publish","type":"product","link":"https:\/\/b2b.p2rbike.com\/sk\/produkt\/p2r-funki-girl-pink-8-10-r-copy\/","title":{"rendered":"P2R FUNKI girl purple 4-6 r."},"content":{"rendered":"<p>DETSK\u00c9 CYKLISTICK\u00c9 RUKAVICE \u201e<strong>FUNKI<\/strong>\u201c<\/p>\n<p><strong>P2R FUNKI<\/strong>\u00a0s\u00fa super \u013eahk\u00e9, vzdu\u0161n\u00e9 a kvalitn\u00e9 rukavice, ktor\u00e9 pon\u00fakaj\u00fa\u00a0<strong>vyladen\u00fd strih, kvalitn\u00e9 spracovanie a vysok\u00fd komfort pri nosen\u00ed<\/strong>.<br \/>\n&#8222;<strong>\u00a0SECOND SKIN<\/strong>&#8220; je ten prav\u00fd v\u00fdraz, ktor\u00fd najlep\u0161ie vystihuje pocit pri nosen\u00ed rukav\u00edc na ruke, \u010do je umo\u017enen\u00e9 kombin\u00e1ciou najvhodnej\u0161ieho materi\u00e1lu, ktor\u00fd sme pre tieto detsk\u00e9 rukavice pou\u017eili.<\/p>\n<p><strong>Pozn\u00e1mka: pre spr\u00e1vny v\u00fdber ve\u013ekosti, pros\u00edm vyu\u017eite \u00fadaje ve\u013ekostnej tabu\u013eky.<br \/>\n<\/strong><br \/>\nElastick\u00fd materi\u00e1l s vylep\u0161en\u00fdmi vlastnos\u0165ami vl\u00e1kna v\u00fdborne\u00a0kop\u00edruje chrb\u00e1t ruky a\u00a0pri nosen\u00ed neprek\u00e1\u017ea.<br \/>\nVyladen\u00fd strih a\u00a0ve\u013ekos\u0165 rukav\u00edc <strong>re\u0161pektuje anat\u00f3miu detskej ruky<\/strong>\u00a0presne sed\u00ed, nevln\u00ed sa a poskytuje maxim\u00e1lny komfort pri nosen\u00ed.<br \/>\n<strong>Pull-on<\/strong>\u00a0&#8211; spevnen\u00e1 \u010das\u0165 na z\u00e1p\u00e4st\u00ed u\u013eah\u010duje obliekanie rukav\u00edc a mierne pred\u013a\u017eenie dla\u0148ovej \u010dasti chr\u00e1ni vn\u00fatorn\u00fa \u010das\u0165 z\u00e1p\u00e4stia pri ne\u010dakanom p\u00e1de.<br \/>\nNa b\u00e1ze prstov prostredn\u00edka a prstenn\u00edka je tzv.\u00a0<strong>Pull-out<\/strong>\u00a0s\u00a0kontrastnou silik\u00f3novou potla\u010dou&#8230; s\u00fa to pr\u00fa\u017eky, ktor\u00e9 pri ich zatiahnut\u00ed prstami ukazov\u00e1k + prostredn\u00edk, u\u013eah\u010duj\u00fa vyzliekanie rukav\u00edc a\u00a0silik\u00f3nov\u00e1 potla\u010d z\u00e1rove\u0148 poskytuje mal\u00e9mu jazdcovi lep\u0161iu istotu pri jazden\u00ed, raden\u00ed, \u010di brzden\u00ed (prsty sa ne\u0161m\u00fdkaj\u00fa).<br \/>\nPriestor pri roztiahnut\u00fdch prstoch palec + ukazov\u00e1k poskytuje\u00a0<strong>100% <\/strong>hybnos\u0165 prstov a\u00a0<strong>2-jit\u00e9 <\/strong>pre\u0161itie\u00a0zvy\u0161uje odolnos\u0165 a \u017eivotnos\u0165 rukav\u00edc (najviac nam\u00e1han\u00e1 \u010das\u0165 rukav\u00edc).<br \/>\nVrchn\u00e1 \u010das\u0165 palca je rie\u0161en\u00e1 materi\u00e1lom, ktor\u00fd je vyroben\u00fd z\u00a0<strong>polyesterov\u00e9ho mikro-vl\u00e1kna<\/strong>\u00a0(pred\u013a\u017een\u00fdm vlasom materi\u00e1lu), \u010do v\u00fdborne posl\u00fa\u017ei v pr\u00edpade, ke\u010f si potrebujete\u00a0utrie\u0165 spoten\u00e9 \u010delo, pr\u00edpadne aj zarosen\u00e9 okuliare po v\u00fdkone\u00a0(tzv. utierka).<br \/>\n<strong>Zap\u00ednanie rukav\u00edc<\/strong>\u00a0je technicky rie\u0161en\u00e9 na vrchnej a\u017e bo\u010dnej strane z\u00e1p\u00e4stia pomocou kvalitn\u00e9ho a na dotyk m\u00e4kk\u00e9ho such\u00e9ho zipsu (vrchn\u00e1 strana zap\u00edna\u010da), ktor\u00fd na ruke nec\u00edtite a je zvolen\u00fd tak, aby nepo\u0161kodzoval materi\u00e1l oble\u010denia pri n\u00e1hodnom zachyten\u00ed.<br \/>\n<strong>Dla\u0148ov\u00e1 \u010das\u0165<\/strong>\u00a0rukav\u00edc m\u00e1 takisto v\u00fdborne vyladen\u00fd strih a\u00a0pou\u017eit\u00fd materi\u00e1l zabezpe\u010duje v\u00fdborn\u00e9 odvetranie. Zv\u00fd\u0161enie komfortu pri jazde zabezpe\u010duj\u00fa\u00a0<strong>g\u00e9lov\u00e9 v\u00fdstelky<\/strong>, pri ktor\u00fdch sme vyladili tvar a\u00a0ve\u013ekos\u0165 tak, aby sa materi\u00e1l nevlnil, ale kop\u00edroval dla\u0148, \u010d\u00edm sa zv\u00fd\u0161il efekt tlmenia n\u00e1razov pri jazde a\u00a0zarove\u0148 sa tie\u017e v\u00fdrazne\u00a0<strong>zni\u017euje tlak na uln\u00e1rny nerv<\/strong>, ktor\u00fd je \u010dasto d\u00f4vodom nepr\u00edjemn\u00e9ho t\u0155pnutia prstov.<\/p>\n<p><strong>VLASTNOSTI<\/strong>:<br \/>\n\u2022 Chrb\u00e1t ruky: vyroben\u00e9 z materi\u00e1lu\u00a0<strong>Lycra <\/strong>pre v\u00fdborn\u00e9 kop\u00edrovanie chrbtovej \u010dasti ruky<br \/>\n\u2022 Dla\u0148: vyroben\u00e9 z materi\u00e1lu\u00a0<strong>Polyester<\/strong>\u00a0<strong>mesh<\/strong> s perforovan\u00edm<br \/>\n\u2022 D\u013a\u017eka rukavice hornej \u010dasti kop\u00edruje anat\u00f3miu ruky, je mierne skr\u00e1ten\u00e1 a umo\u017e\u0148uje\u00a0<strong>vo\u013en\u00fd pohyb v z\u00e1p\u00e4st\u00ed<\/strong><br \/>\n\u2022 Spodn\u00e1 \u010das\u0165 rukavice je\u00a0<strong>mierne pred\u013a\u017een\u00e1<\/strong>\u00a0a\u017e po z\u00e1p\u00e4stie a chr\u00e1ni pri nechcenom p\u00e1de<br \/>\n\u2022 Zosilnen\u00e1 \u010das\u0165 s\u00a0<strong>s 2-jit\u00fdm pre\u0161it\u00edm<\/strong>\u00a0medzi palcom a ukazov\u00e1kom pre vy\u0161\u0161iu odolnos\u0165 a \u017eivotnos\u0165 rukavice<br \/>\n\u2022 Bo\u010dn\u00e1 aj horn\u00e1 \u010das\u0165 palca s\u00a0<strong>utierkou z \u010desan\u00e9ho mikrovl\u00e1kna<\/strong>\u00a0pre mo\u017enos\u0165 utierania spoten\u00e9ho \u010dela alebo okuliarov<br \/>\n\u2022 Pohodln\u00e9 zap\u00ednanie\u00a0<strong>such\u00fdm zipsom<\/strong>\u00a0v\u00a0oblasti z\u00e1p\u00e4stia<br \/>\n\u2022 Pou\u017eit\u00fd kvalitn\u00fd such\u00fd zips s upravenou ve\u013ekos\u0165ou\u00a0<strong>chr\u00e1ni dres<\/strong>\u00a0aj in\u00e9 \u010dasti oble\u010denia\u00a0<strong>pred n\u00e1hodn\u00fdm zachyten\u00edm a po\u0161koden\u00edm<\/strong><br \/>\n\u2022 Spevnen\u00e1 \u010das\u0165 na z\u00e1p\u00e4st\u00ed tzv.\u00a0<strong>&#8222;PULL &#8211; ON&#8220;<\/strong>\u00a0pre jednoduch\u0161ie obliekanie rukav\u00edc<br \/>\n\u2022 P\u00fatka so silik\u00f3nom na b\u00e1ze prostredn\u00edka a prsten\u00edka tzv.\u00a0<strong>&#8222;PULL &#8211; OUT&#8220;<\/strong>\u00a0pre jednoduch\u0161ie vyzliekanie rukav\u00edc po v\u00fdkone<br \/>\n\u2022\u00a0<strong>Silik\u00f3nov\u00e1 potla\u010d<\/strong>\u00a0na dlani pre bezpe\u010dn\u00fd \u00fachyt<br \/>\n\u2022\u00a0<strong>G\u00e9lov\u00e9 v\u00fdstelky<\/strong>\u00a0pre zv\u00fd\u0161enie komfortu<\/p>\n<p><strong>MATERI\u00c1LOV\u00c9 ZLO\u017dENIE<\/strong>:<br \/>\n<strong>Dla\u0148 rukavice<\/strong>: Polyester 50%, Nylon 30%, PVC 20%<br \/>\n<strong>Chrb\u00e1t ruky<\/strong>: Polyester 100%<\/p>\n<p><strong>BALENIE<\/strong>: karta P2R<\/p>\n<p><strong>FAREBN\u00c9 ALTERNAT\u00cdVY<\/strong>:<br \/>\n\u2022 FUNKI dyno<br \/>\n\u2022 FUNKI unicorn<br \/>\n\u2022 FUNKI captain America<br \/>\n\u2022 FUNKI girl pink<br \/>\n\u2022 FUNKI girl purple<br \/>\n\u2022 FUNKI pink-purple<br \/>\n\u2022 FUNKI blue-orange<br \/>\n\u2022 FUNKI boy blue<br \/>\n\u2022 FUNKI boy green<\/p>\n","protected":false},"excerpt":{"rendered":"<p>DETSK\u00c9 CYKLISTICK\u00c9 RUKAVICE \u201eFUNKI\u201c P2R FUNKI\u00a0s\u00fa super \u013eahk\u00e9, vzdu\u0161n\u00e9 a kvalitn\u00e9 rukavice, ktor\u00e9 pon\u00fakaj\u00fa\u00a0vyladen\u00fd strih, kvalitn\u00e9 spracovanie a vysok\u00fd komfort<\/p>\n","protected":false},"featured_media":32512,"template":"","meta":{"_acf_changed":false},"product_brand":[],"product_cat":[405,1348],"product_tag":[],"class_list":{"0":"post-32503","1":"product","2":"type-product","3":"status-publish","4":"has-post-thumbnail","6":"product_cat-rukavice","7":"product_cat-detske-rukavice","9":"first","10":"instock","11":"taxable","12":"shipping-taxable","13":"purchasable","14":"product-type-simple"},"bundled_by":[],"bundle_stock_status":"instock","bundle_stock_quantity":41,"bundle_virtual":false,"bundle_layout":"","bundle_add_to_cart_form_location":"","bundle_editable_in_cart":false,"bundle_sold_individually_context":"","bundle_item_grouping":"","bundle_min_size":"","bundle_max_size":"","bundle_price":[],"bundled_items":[],"bundle_sell_ids":[],"acf":[],"_links":{"self":[{"href":"https:\/\/b2b.p2rbike.com\/sk\/wp-json\/wp\/v2\/product\/32503","targetHints":{"allow":["GET"]}}],"collection":[{"href":"https:\/\/b2b.p2rbike.com\/sk\/wp-json\/wp\/v2\/product"}],"about":[{"href":"https:\/\/b2b.p2rbike.com\/sk\/wp-json\/wp\/v2\/types\/product"}],"wp:featuredmedia":[{"embeddable":true,"href":"https:\/\/b2b.p2rbike.com\/sk\/wp-json\/wp\/v2\/media\/32512"}],"wp:attachment":[{"href":"https:\/\/b2b.p2rbike.com\/sk\/wp-json\/wp\/v2\/media?parent=32503"}],"wp:term":[{"taxonomy":"product_brand","embeddable":true,"href":"https:\/\/b2b.p2rbike.com\/sk\/wp-json\/wp\/v2\/product_brand?post=32503"},{"taxonomy":"product_cat","embeddable":true,"href":"https:\/\/b2b.p2rbike.com\/sk\/wp-json\/wp\/v2\/product_cat?post=32503"},{"taxonomy":"product_tag","embeddable":true,"href":"https:\/\/b2b.p2rbike.com\/sk\/wp-json\/wp\/v2\/product_tag?post=32503"}],"curies":[{"name":"wp","href":"https:\/\/api.w.org\/{rel}","templated":true}]}}