{"id":32716,"date":"2025-03-30T16:33:44","date_gmt":"2025-03-30T14:33:44","guid":{"rendered":"https:\/\/b2b.p2rbike.com\/?post_type=product&#038;p=32716"},"modified":"2025-08-15T10:17:11","modified_gmt":"2025-08-15T08:17:11","slug":"p2r-shockman-str-273-black-copy-3","status":"publish","type":"product","link":"https:\/\/b2b.p2rbike.com\/sk\/produkt\/p2r-shockman-str-273-black-copy-3\/","title":{"rendered":"P2R SHOCKMAN STR 273, magenta pink"},"content":{"rendered":"<ul>\n<li>Vyroben\u00e9 z\u00a0materi\u00e1lu <strong>TPR<\/strong> (termoplastick\u00e1 guma)<\/li>\n<li>\u0160es\u0165hrann\u00fd profil s rebrovan\u00fdm vzorom pre dokonal\u00fd \u00fachyt<\/li>\n<li>D\u013a\u017eka <strong>130mm <\/strong><\/li>\n<li>Pre priemer riadidiel <strong>\u00d8 22mm<\/strong><\/li>\n<li><strong>Lock-on<\/strong> syst\u00e9m: pre spo\u013eahliv\u00e9 uchytenie bez pret\u00e1\u010dania<\/li>\n<li>Vhodn\u00e9 pre bicykle: <strong>CITY\/MTB\/KROS\/TREKKING\/BMX\/JUNIOR<\/strong><\/li>\n<\/ul>\n<p><strong><br \/>\nFAREBN\u00c9 ALTERNAT\u00cdVY: <\/strong><\/p>\n<ul>\n<li>Black &#8211; purple<\/li>\n<li>Black \u2013 orange<\/li>\n<li>Black \u2013 lime green<\/li>\n<li>Black \u2013 gold<\/li>\n<li>Black \u2013 light blue<\/li>\n<li>Black \u2013 red wine<\/li>\n<li>Black \u2013 titan grey<\/li>\n<li>Black \u2013 black<\/li>\n<li>Black \u2013 navy blue<\/li>\n<li>Black \u2013 copper brown<\/li>\n<li>Black \u2013 pink<\/li>\n<li>Black \u2013 silver<\/li>\n<\/ul>\n<p><strong>BALENIE:<\/strong> karta P2R<\/p>\n","protected":false},"excerpt":{"rendered":"<p>Vyroben\u00e9 z\u00a0materi\u00e1lu TPR (termoplastick\u00e1 guma) \u0160es\u0165hrann\u00fd profil s rebrovan\u00fdm vzorom pre dokonal\u00fd \u00fachyt D\u013a\u017eka 130mm Pre priemer riadidiel \u00d8 22mm<\/p>\n","protected":false},"featured_media":32756,"template":"","meta":{"_acf_changed":false},"product_brand":[],"product_cat":[408,1202,1355],"product_tag":[],"class_list":{"0":"post-32716","1":"product","2":"type-product","3":"status-publish","4":"has-post-thumbnail","6":"product_cat-rukovate","7":"product_cat-mtb-rukovate","8":"product_cat-str-273-sk","10":"first","11":"instock","12":"taxable","13":"shipping-taxable","14":"purchasable","15":"product-type-simple"},"bundled_by":[],"bundle_stock_status":"instock","bundle_stock_quantity":73,"bundle_virtual":false,"bundle_layout":"","bundle_add_to_cart_form_location":"","bundle_editable_in_cart":false,"bundle_sold_individually_context":"","bundle_item_grouping":"","bundle_min_size":"","bundle_max_size":"","bundle_price":[],"bundled_items":[],"bundle_sell_ids":[],"acf":[],"_links":{"self":[{"href":"https:\/\/b2b.p2rbike.com\/sk\/wp-json\/wp\/v2\/product\/32716","targetHints":{"allow":["GET"]}}],"collection":[{"href":"https:\/\/b2b.p2rbike.com\/sk\/wp-json\/wp\/v2\/product"}],"about":[{"href":"https:\/\/b2b.p2rbike.com\/sk\/wp-json\/wp\/v2\/types\/product"}],"wp:featuredmedia":[{"embeddable":true,"href":"https:\/\/b2b.p2rbike.com\/sk\/wp-json\/wp\/v2\/media\/32756"}],"wp:attachment":[{"href":"https:\/\/b2b.p2rbike.com\/sk\/wp-json\/wp\/v2\/media?parent=32716"}],"wp:term":[{"taxonomy":"product_brand","embeddable":true,"href":"https:\/\/b2b.p2rbike.com\/sk\/wp-json\/wp\/v2\/product_brand?post=32716"},{"taxonomy":"product_cat","embeddable":true,"href":"https:\/\/b2b.p2rbike.com\/sk\/wp-json\/wp\/v2\/product_cat?post=32716"},{"taxonomy":"product_tag","embeddable":true,"href":"https:\/\/b2b.p2rbike.com\/sk\/wp-json\/wp\/v2\/product_tag?post=32716"}],"curies":[{"name":"wp","href":"https:\/\/api.w.org\/{rel}","templated":true}]}}