{"id":33044,"date":"2025-04-07T09:49:31","date_gmt":"2025-04-07T07:49:31","guid":{"rendered":"https:\/\/b2b.p2rbike.com\/?post_type=product&#038;p=33044"},"modified":"2026-01-22T09:23:52","modified_gmt":"2026-01-22T08:23:52","slug":"p2r-flatman-60-3sb-light-blue-copy-2","status":"publish","type":"product","link":"https:\/\/b2b.p2rbike.com\/sk\/produkt\/p2r-flatman-60-3sb-light-blue-copy-2\/","title":{"rendered":"P2R FLATMAN 60, 3SB magenta pink"},"content":{"rendered":"<p><strong>P2R FLATMAN 60, 3SB <\/strong>&#8211; telo ped\u00e1lu vyroben\u00e9 technol\u00f3giou <strong>CNC<\/strong> obr\u00e1bania zo zliatiny <strong>AL<\/strong> a\u00a0pon\u00faka ve\u013emi n\u00edzku hmotnos\u0165 (<strong>290 g<\/strong>) a\u00a0dokonale presn\u00e9 detajly<br \/>\nSvojou optimalizovanou ve\u013ekos\u0165ou (<strong>101*100 mm<\/strong>) a v\u010faka ergonomick\u00e9mu tvaru, vyhovuj\u00fa tak p\u00e1nskemu, ako aj\u00a0d\u00e1mskemu chodidlu a\u00a0prin\u00e1\u0161aj\u00fa dokonal\u00e9 a\u00a0bezpe\u010dn\u00e9 spojenie s\u00a0nohou jazdca.<br \/>\n<strong>8 vymenite\u013en\u00fdch pinov<\/strong> s\u00a0d\u013a\u017ekou 4,5mm pravidelne rozmiestnen\u00fdch po obvode ped\u00e1lu prin\u00e1\u0161a v\u00fdborn\u00fa pri\u013enavos\u0165 a stabilitu chodidla aj pri r\u00fdchlej MTB jazde v\u00a0ostr\u00fdch z\u00e1krut\u00e1ch a\u00a0r\u00fdchlych zjazdoch.<br \/>\nOska ped\u00e1lu z\u00a0materi\u00e1lu <strong>Cr-Mo<\/strong> (chr\u00f3m-molybd\u00e9n) vyroben\u00e1 technol\u00f3giou CNC obr\u00e1bania<br \/>\nO\u00a0bezprobl\u00e9mov\u00e9 a\u00a0hladk\u00e9 pret\u00e1\u010danie ped\u00e1lu sa staraj\u00fa <strong>3 kvalitn\u00e9 priemyseln\u00e9 lo\u017eisk\u00e1<\/strong>, ktor\u00e9 pri be\u017enej starostlivosti garantuj\u00fa\u00a0dlh\u00fa \u017eivotnos\u0165<\/p>\n<p><strong><br \/>\nVLASTNOSTI:<\/strong><\/p>\n<ul>\n<li>Materi\u00e1l: vyroben\u00e9 zo zl\u00fa\u010deniny <strong>AL<\/strong><\/li>\n<li>Vymenite\u013en\u00e9 proti-\u0161mykov\u00e9 piny s\u00a0ide\u00e1lnym rozmiestnen\u00edm po celom obvode ped\u00e1la<\/li>\n<li>Ur\u010den\u00e9 pre kateg\u00f3riu:\u00a0<strong>BMX\/MTB\/TREKKING\/CROSS\/CITY<\/strong><\/li>\n<li>Oska: Chr\u00f3m-Molybd\u00e9n (Cr-Mo) vyroben\u00e1 technol\u00f3giou CNC<\/li>\n<li><strong>3x priemyseln\u00e9 lo\u017eisk\u00e1<\/strong> pre hladk\u00fd chod a dlh\u00fa \u017eivotnos\u0165<\/li>\n<li>Rozmer:\u00a0<strong>101 mm x 100 mm<\/strong><\/li>\n<li>Hmotnos\u0165:\u00a0<strong>290 g\/p\u00e1r<\/strong><\/li>\n<\/ul>\n<p><strong><br \/>\nFarebn\u00e9 alternat\u00edvy:<\/strong><\/p>\n<ul>\n<li>Black<\/li>\n<li>Red<\/li>\n<li>Navy blue<\/li>\n<li>Light blue<\/li>\n<li>Gold<\/li>\n<li>Purple<\/li>\n<li>Orange<\/li>\n<li>Titan grey<\/li>\n<li>Green<\/li>\n<\/ul>\n<p><strong><br \/>\nBALENIE<\/strong>: krabi\u010dka v dizajne P2R<\/p>\n","protected":false},"excerpt":{"rendered":"<p>P2R FLATMAN 60, 3SB &#8211; telo ped\u00e1lu vyroben\u00e9 technol\u00f3giou CNC obr\u00e1bania zo zliatiny AL a\u00a0pon\u00faka ve\u013emi n\u00edzku hmotnos\u0165 (290 g)<\/p>\n","protected":false},"featured_media":33779,"template":"","meta":{"_acf_changed":false},"product_brand":[],"product_cat":[339,340,1282],"product_tag":[],"class_list":{"0":"post-33044","1":"product","2":"type-product","3":"status-publish","4":"has-post-thumbnail","6":"product_cat-pedale","7":"product_cat-mtb-sk","8":"product_cat-flatman_60-sk","10":"first","11":"instock","12":"taxable","13":"shipping-taxable","14":"purchasable","15":"product-type-simple"},"bundled_by":[],"bundle_stock_status":"instock","bundle_stock_quantity":90,"bundle_virtual":false,"bundle_layout":"","bundle_add_to_cart_form_location":"","bundle_editable_in_cart":false,"bundle_sold_individually_context":"","bundle_item_grouping":"","bundle_min_size":"","bundle_max_size":"","bundle_price":[],"bundled_items":[],"bundle_sell_ids":[],"acf":[],"_links":{"self":[{"href":"https:\/\/b2b.p2rbike.com\/sk\/wp-json\/wp\/v2\/product\/33044","targetHints":{"allow":["GET"]}}],"collection":[{"href":"https:\/\/b2b.p2rbike.com\/sk\/wp-json\/wp\/v2\/product"}],"about":[{"href":"https:\/\/b2b.p2rbike.com\/sk\/wp-json\/wp\/v2\/types\/product"}],"wp:featuredmedia":[{"embeddable":true,"href":"https:\/\/b2b.p2rbike.com\/sk\/wp-json\/wp\/v2\/media\/33779"}],"wp:attachment":[{"href":"https:\/\/b2b.p2rbike.com\/sk\/wp-json\/wp\/v2\/media?parent=33044"}],"wp:term":[{"taxonomy":"product_brand","embeddable":true,"href":"https:\/\/b2b.p2rbike.com\/sk\/wp-json\/wp\/v2\/product_brand?post=33044"},{"taxonomy":"product_cat","embeddable":true,"href":"https:\/\/b2b.p2rbike.com\/sk\/wp-json\/wp\/v2\/product_cat?post=33044"},{"taxonomy":"product_tag","embeddable":true,"href":"https:\/\/b2b.p2rbike.com\/sk\/wp-json\/wp\/v2\/product_tag?post=33044"}],"curies":[{"name":"wp","href":"https:\/\/api.w.org\/{rel}","templated":true}]}}