{"id":33083,"date":"2025-04-09T10:03:37","date_gmt":"2025-04-09T08:03:37","guid":{"rendered":"https:\/\/b2b.p2rbike.com\/?post_type=product&#038;p=33083"},"modified":"2026-04-09T14:20:40","modified_gmt":"2026-04-09T12:20:40","slug":"p2r-shockman-ergo-106-light-blue-copy","status":"publish","type":"product","link":"https:\/\/b2b.p2rbike.com\/sk\/produkt\/p2r-shockman-ergo-106-light-blue-copy\/","title":{"rendered":"P2R SHOCKMAN ERGO 106, copper brown"},"content":{"rendered":"<p>Ergonomick\u00fd tvar <strong>SHOCKMAN ERGO 106<\/strong> poskytuje oporu dla\u0148ovej \u010dasti ruky a\u00a0zni\u017euje t\u00fdm \u00fanavu pri jazden\u00ed, \u010d\u00edm sa m\u00f4\u017ee pred\u013a\u017ei\u0165 celkov\u00fd \u010das jazdy a\u00a0pred\u013a\u017ei sa aj celkov\u00e1 prejden\u00e1 vzdialenos\u0165.<br \/>\nOdpor\u00fa\u010da sa hlavne pre bicykle a\u00a0\u0161t\u00fdl jazdy umo\u017e\u0148uj\u00facu jazdu v\u00a0miernej vzpriamenej a\u017e v vzpriamenej polohe, ktor\u00e1 sa dosahuje hlavne pri bicykloch typu: <strong>CITY<\/strong>, <strong>CROSS<\/strong> a <strong>TREKKING<\/strong><\/p>\n<p><strong>VLASTNOSTI:<\/strong><\/p>\n<ul>\n<li>Vyroben\u00e9 z\u00a0materi\u00e1lu <strong>TPR<\/strong> (termoplastick\u00e1 guma)<\/li>\n<li>Ergonomick\u00fd tvar s\u00a0oporou pre dla\u0148<\/li>\n<li>D\u013a\u017eka <strong>130mm <\/strong><\/li>\n<li>Pre priemer riadidiel <strong>\u00d8 22mm<\/strong><\/li>\n<li><strong>Lock-on<\/strong> syst\u00e9m: pre spo\u013eahliv\u00e9 uchytenie bez pret\u00e1\u010dania<\/li>\n<li>Vhodn\u00e9 pre bicykle: <strong>CITY\/CROSS\/TREKKING<\/strong><\/li>\n<\/ul>\n<p><strong><br \/>\nFAREBN\u00c9 ALTERNAT\u00cdVY: <\/strong><\/p>\n<ul>\n<li>Black &#8211; purple<\/li>\n<li>Black \u2013 orange<\/li>\n<li>Black \u2013 lime green<\/li>\n<li>Black \u2013 gold<\/li>\n<li>Black \u2013 light blue<\/li>\n<li>Black \u2013 red<\/li>\n<li>Black \u2013 titan grey<\/li>\n<li>Black \u2013 black<\/li>\n<li>Black \u2013 navy blue<\/li>\n<\/ul>\n<p><strong>BALENIE:<\/strong>\u00a0 karta P2R<\/p>\n","protected":false},"excerpt":{"rendered":"<p>Ergonomick\u00fd tvar SHOCKMAN ERGO 106 poskytuje oporu dla\u0148ovej \u010dasti ruky a\u00a0zni\u017euje t\u00fdm \u00fanavu pri jazden\u00ed, \u010d\u00edm sa m\u00f4\u017ee pred\u013a\u017ei\u0165 celkov\u00fd<\/p>\n","protected":false},"featured_media":33092,"template":"","meta":{"_acf_changed":false},"product_brand":[],"product_cat":[408,1180,1320],"product_tag":[],"class_list":{"0":"post-33083","1":"product","2":"type-product","3":"status-publish","4":"has-post-thumbnail","6":"product_cat-rukovate","7":"product_cat-ergonomicky-tvarovane","8":"product_cat-ergo_106-sk","10":"first","11":"instock","12":"taxable","13":"shipping-taxable","14":"purchasable","15":"product-type-simple"},"bundled_by":[],"bundle_stock_status":"instock","bundle_stock_quantity":71,"bundle_virtual":false,"bundle_layout":"","bundle_add_to_cart_form_location":"","bundle_editable_in_cart":false,"bundle_sold_individually_context":"","bundle_item_grouping":"","bundle_min_size":"","bundle_max_size":"","bundle_price":[],"bundled_items":[],"bundle_sell_ids":[],"acf":[],"_links":{"self":[{"href":"https:\/\/b2b.p2rbike.com\/sk\/wp-json\/wp\/v2\/product\/33083","targetHints":{"allow":["GET"]}}],"collection":[{"href":"https:\/\/b2b.p2rbike.com\/sk\/wp-json\/wp\/v2\/product"}],"about":[{"href":"https:\/\/b2b.p2rbike.com\/sk\/wp-json\/wp\/v2\/types\/product"}],"wp:featuredmedia":[{"embeddable":true,"href":"https:\/\/b2b.p2rbike.com\/sk\/wp-json\/wp\/v2\/media\/33092"}],"wp:attachment":[{"href":"https:\/\/b2b.p2rbike.com\/sk\/wp-json\/wp\/v2\/media?parent=33083"}],"wp:term":[{"taxonomy":"product_brand","embeddable":true,"href":"https:\/\/b2b.p2rbike.com\/sk\/wp-json\/wp\/v2\/product_brand?post=33083"},{"taxonomy":"product_cat","embeddable":true,"href":"https:\/\/b2b.p2rbike.com\/sk\/wp-json\/wp\/v2\/product_cat?post=33083"},{"taxonomy":"product_tag","embeddable":true,"href":"https:\/\/b2b.p2rbike.com\/sk\/wp-json\/wp\/v2\/product_tag?post=33083"}],"curies":[{"name":"wp","href":"https:\/\/api.w.org\/{rel}","templated":true}]}}