{"id":33147,"date":"2025-04-16T08:37:22","date_gmt":"2025-04-16T06:37:22","guid":{"rendered":"https:\/\/b2b.p2rbike.com\/?post_type=product&#038;p=33147"},"modified":"2026-03-11T10:16:34","modified_gmt":"2026-03-11T09:16:34","slug":"p2r-shockman-str-130-copper-brown-copy","status":"publish","type":"product","link":"https:\/\/b2b.p2rbike.com\/sk\/produkt\/p2r-shockman-str-130-copper-brown-copy\/","title":{"rendered":"P2R SHOCKMAN STR 130, magenta pink"},"content":{"rendered":"<p>Rukov\u00e4te <strong>P2R SHOCKMAN STR 130<\/strong> s\u00fa vyvinut\u00e9 pre v\u0161etky druhy bicyklov a\u00a0jazdcov v\u0161etk\u00fdch jazdn\u00fdch \u0161t\u00fdlov.<br \/>\nMateri\u00e1l <strong>TPR<\/strong> (termoplastick\u00e1 guma) a diamantov\u00fd vzor na povrchu rukov\u00e4te poskytuje dokonal\u00fd a bezpe\u010dn\u00fd \u00fachyt.<\/p>\n<ul>\n<li>Vyroben\u00e9 z\u00a0materi\u00e1lu <strong>TPR<\/strong> (termoplastick\u00e1 guma)<\/li>\n<li>\u0160trukt\u00fara s\u00a0diamantov\u00fdm vzorom pre dokonal\u00fd \u00fachyt<\/li>\n<li>D\u013a\u017eka <strong>130mm <\/strong><\/li>\n<li>Pre priemer riadidiel <strong>\u00d8 22mm<\/strong><\/li>\n<li><strong>Lock-on<\/strong> syst\u00e9m: pre spo\u013eahliv\u00e9 uchytenie bez pret\u00e1\u010dania<\/li>\n<li>Vhodn\u00e9 pre bicykle: <strong><strong>CITY\/MTB\/KROS\/TREKKING\/BMX\/JUNIOR<\/strong><\/strong><\/li>\n<\/ul>\n<p><strong>FAREBN\u00c9 ALTERNAT\u00cdVY: <\/strong><\/p>\n<ul>\n<li>Black &#8211; purple<\/li>\n<li>Black \u2013 orange<\/li>\n<li>Black \u2013 lime green<\/li>\n<li>Black \u2013 gold<\/li>\n<li>Black \u2013 light blue<\/li>\n<li>Black \u2013 red<\/li>\n<li>Black \u2013 titan grey<\/li>\n<li>Black \u2013 black<\/li>\n<li>Black \u2013 navy blue<\/li>\n<\/ul>\n","protected":false},"excerpt":{"rendered":"<p>Rukov\u00e4te P2R SHOCKMAN STR 130 s\u00fa vyvinut\u00e9 pre v\u0161etky druhy bicyklov a\u00a0jazdcov v\u0161etk\u00fdch jazdn\u00fdch \u0161t\u00fdlov. Materi\u00e1l TPR (termoplastick\u00e1 guma) a<\/p>\n","protected":false},"featured_media":33156,"template":"","meta":{"_acf_changed":false},"product_brand":[],"product_cat":[408,1202,1339],"product_tag":[],"class_list":{"0":"post-33147","1":"product","2":"type-product","3":"status-publish","4":"has-post-thumbnail","6":"product_cat-rukovate","7":"product_cat-mtb-rukovate","8":"product_cat-str_grips-sk","10":"first","11":"instock","12":"taxable","13":"shipping-taxable","14":"purchasable","15":"product-type-simple"},"bundled_by":[],"bundle_stock_status":"instock","bundle_stock_quantity":298,"bundle_virtual":false,"bundle_layout":"","bundle_add_to_cart_form_location":"","bundle_editable_in_cart":false,"bundle_sold_individually_context":"","bundle_item_grouping":"","bundle_min_size":"","bundle_max_size":"","bundle_price":[],"bundled_items":[],"bundle_sell_ids":[],"acf":[],"_links":{"self":[{"href":"https:\/\/b2b.p2rbike.com\/sk\/wp-json\/wp\/v2\/product\/33147","targetHints":{"allow":["GET"]}}],"collection":[{"href":"https:\/\/b2b.p2rbike.com\/sk\/wp-json\/wp\/v2\/product"}],"about":[{"href":"https:\/\/b2b.p2rbike.com\/sk\/wp-json\/wp\/v2\/types\/product"}],"wp:featuredmedia":[{"embeddable":true,"href":"https:\/\/b2b.p2rbike.com\/sk\/wp-json\/wp\/v2\/media\/33156"}],"wp:attachment":[{"href":"https:\/\/b2b.p2rbike.com\/sk\/wp-json\/wp\/v2\/media?parent=33147"}],"wp:term":[{"taxonomy":"product_brand","embeddable":true,"href":"https:\/\/b2b.p2rbike.com\/sk\/wp-json\/wp\/v2\/product_brand?post=33147"},{"taxonomy":"product_cat","embeddable":true,"href":"https:\/\/b2b.p2rbike.com\/sk\/wp-json\/wp\/v2\/product_cat?post=33147"},{"taxonomy":"product_tag","embeddable":true,"href":"https:\/\/b2b.p2rbike.com\/sk\/wp-json\/wp\/v2\/product_tag?post=33147"}],"curies":[{"name":"wp","href":"https:\/\/api.w.org\/{rel}","templated":true}]}}