{"id":33328,"date":"2025-04-28T13:27:58","date_gmt":"2025-04-28T11:27:58","guid":{"rendered":"https:\/\/b2b.p2rbike.com\/?post_type=product&#038;p=33328"},"modified":"2026-04-20T09:20:25","modified_gmt":"2026-04-20T07:20:25","slug":"p2r-downkick-50-copy","status":"publish","type":"product","link":"https:\/\/b2b.p2rbike.com\/sk\/produkt\/p2r-downkick-50-copy\/","title":{"rendered":"P2R PARKMAN ABPS 24&#8243; &#8211; 29&#8243;"},"content":{"rendered":"<p>PARKOVAC\u00cd PODLAHOV\u00dd STOJAN NA BICYKEL<\/p>\n<p><strong>P2R PARKMAN ABPS 24&#8243;-29&#8243;<\/strong> je vyvinut\u00fd pre poskytnutie maxim\u00e1lnej stability pre takmer v\u0161etky bicykle vo ve\u013ekosti <strong>24\u2033 \u2013 29\u2033<\/strong> , ktor\u00e9 s\u00fa dostupn\u00e9 na trhu.<br \/>\nZ\u00e1klad\u0148a stojanu je vyroben\u00e1 zv\u00e1ran\u00edm pre dostiahnutie vy\u0161\u0161ej tuhosti a celkovej nosnosti.<br \/>\nMont\u00e1\u017e stojanu je bez potreby n\u00e1radia jednoduch\u00fdm nasunut\u00edm predl\u017eovac\u00edch n\u00f4h na trubky z\u00e1kladne a nasunut\u00edm hornej zahnutej \u010dasti.<br \/>\nZafixovanie a nastavenie potrebnej v\u00fd\u0161ky stojana (26&#8243;, 27,5&#8243;, 29&#8243;) je pomocou kovov\u00e9ho fixa\u010dn\u00e9ho tla\u010didla na pru\u017eine.<\/p>\n<p><strong><br \/>\nVLASTNOSTI:<\/strong><\/p>\n<ul>\n<li><strong>L-parkovac\u00ed<\/strong> <strong>stojan<\/strong> univerz\u00e1lny pre takmer v\u0161etky kateg\u00f3rie bicyklov <strong>24\u201c- 29\u201c\u00a0<\/strong>dostupn\u00e9 na trhu<\/li>\n<li><strong>Tool free<\/strong> &#8211; nastavenie v\u00fd\u0161ky kolmej \u010dasti bez potreby pou\u017eitia n\u00e1radia<\/li>\n<li>Ochrann\u00e9 a stabiliza\u010dn\u00e9 plastov\u00e9 koncovky n\u00f4h z\u00e1kladne<\/li>\n<\/ul>\n<p><strong><br \/>\nDETAJLY:<\/strong><\/p>\n<ul>\n<li>MateriI\u00e1l: oce\u013e + plast<\/li>\n<li>Rozmery: <strong>38 x 43 x 78 cm<\/strong>\u00a0 (\u0161 x d x v)<\/li>\n<li>Hmotnos\u0165: <strong>1,65 kg<\/strong><\/li>\n<li>Maxim\u00e1lny rozmer pl\u00e1\u0161\u0165a: <strong>80 mm<\/strong> = <strong>3,15&#8243;<\/strong><\/li>\n<li>V\u00fd\u0161ka pre koles\u00e1 26&#8243;: <strong>62,5 cm<\/strong><\/li>\n<li>V\u00fd\u0161ka pre koles\u00e1 27,5&#8243;: <strong>68 cm<\/strong><\/li>\n<li>V\u00fd\u0161ka pre koles\u00e1 29&#8243;:<strong> 78 cm<\/strong><\/li>\n<\/ul>\n<p>&nbsp;<\/p>\n<p>&nbsp;<\/p>\n<p><strong>\u00a0<\/strong><\/p>\n","protected":false},"excerpt":{"rendered":"<p>PARKOVAC\u00cd PODLAHOV\u00dd STOJAN NA BICYKEL P2R PARKMAN ABPS 24&#8243;-29&#8243; je vyvinut\u00fd pre poskytnutie maxim\u00e1lnej stability pre takmer v\u0161etky bicykle vo<\/p>\n","protected":false},"featured_media":33335,"template":"","meta":{"_acf_changed":false},"product_brand":[],"product_cat":[563,1369],"product_tag":[],"class_list":{"0":"post-33328","1":"product","2":"type-product","3":"status-publish","4":"has-post-thumbnail","6":"product_cat-stojany-sk","7":"product_cat-parking_stand-sk","9":"first","10":"instock","11":"taxable","12":"shipping-taxable","13":"purchasable","14":"product-type-simple"},"bundled_by":[],"bundle_stock_status":"instock","bundle_stock_quantity":225,"bundle_virtual":false,"bundle_layout":"","bundle_add_to_cart_form_location":"","bundle_editable_in_cart":false,"bundle_sold_individually_context":"","bundle_item_grouping":"","bundle_min_size":"","bundle_max_size":"","bundle_price":[],"bundled_items":[],"bundle_sell_ids":[],"acf":[],"_links":{"self":[{"href":"https:\/\/b2b.p2rbike.com\/sk\/wp-json\/wp\/v2\/product\/33328","targetHints":{"allow":["GET"]}}],"collection":[{"href":"https:\/\/b2b.p2rbike.com\/sk\/wp-json\/wp\/v2\/product"}],"about":[{"href":"https:\/\/b2b.p2rbike.com\/sk\/wp-json\/wp\/v2\/types\/product"}],"wp:featuredmedia":[{"embeddable":true,"href":"https:\/\/b2b.p2rbike.com\/sk\/wp-json\/wp\/v2\/media\/33335"}],"wp:attachment":[{"href":"https:\/\/b2b.p2rbike.com\/sk\/wp-json\/wp\/v2\/media?parent=33328"}],"wp:term":[{"taxonomy":"product_brand","embeddable":true,"href":"https:\/\/b2b.p2rbike.com\/sk\/wp-json\/wp\/v2\/product_brand?post=33328"},{"taxonomy":"product_cat","embeddable":true,"href":"https:\/\/b2b.p2rbike.com\/sk\/wp-json\/wp\/v2\/product_cat?post=33328"},{"taxonomy":"product_tag","embeddable":true,"href":"https:\/\/b2b.p2rbike.com\/sk\/wp-json\/wp\/v2\/product_tag?post=33328"}],"curies":[{"name":"wp","href":"https:\/\/api.w.org\/{rel}","templated":true}]}}