{"id":33450,"date":"2025-05-17T15:47:42","date_gmt":"2025-05-17T13:47:42","guid":{"rendered":"https:\/\/b2b.p2rbike.com\/?post_type=product&#038;p=33450"},"modified":"2026-02-18T08:47:21","modified_gmt":"2026-02-18T07:47:21","slug":"p2r-ringo-pink-unicorn-copy","status":"publish","type":"product","link":"https:\/\/b2b.p2rbike.com\/sk\/produkt\/p2r-ringo-pink-unicorn-copy\/","title":{"rendered":"P2R RINGO blue unicorn"},"content":{"rendered":"<p><strong>BICYKLOV\u00dd\u00a0ZVON\u010cEK<\/strong><\/p>\n<p>&nbsp;<\/p>\n<ul>\n<li>Vrchn\u00e1 \u010das\u0165 z ocele, z\u00e1kladn\u0148a z plastu<\/li>\n<li>Jednoduch\u00e1 in\u0161tal\u00e1cia so skrutkou<\/li>\n<\/ul>\n<p><strong><br \/>\nDETAILY:<\/strong><\/p>\n<p>Priemer vrchnej \u010dasti: <strong>53 mm<\/strong><\/p>\n<p><strong><br \/>\nFAREBN\u00c9 ALTERNAT\u00cdVY:<\/strong><\/p>\n<p>&nbsp;<\/p>\n<ul>\n<li>white penguin (biely tu\u010dniak)<\/li>\n<li>pink duckling (ru\u017eov\u00e9 k\u00e1\u010datko)<\/li>\n<li>pink unicorn (ru\u017eov\u00fd jednoro\u017eec)<\/li>\n<li>pink kitty (ru\u017eov\u00e9 ma\u010diatko)<\/li>\n<li>blue unicorn (modr\u00fd jednoro\u017eec)<\/li>\n<li>blue duckling (modr\u00e9 k\u00e1\u010datko)<\/li>\n<li>purple girl with kitty (fialov\u00e9 diev\u010datko s ma\u010diatkom)<\/li>\n<\/ul>\n<p><strong><br \/>\nBALENIE<\/strong>: s\u00e1\u010dok a\u00a0sticker (OEM)<\/p>\n","protected":false},"excerpt":{"rendered":"<p>BICYKLOV\u00dd\u00a0ZVON\u010cEK &nbsp; Vrchn\u00e1 \u010das\u0165 z ocele, z\u00e1kladn\u0148a z plastu Jednoduch\u00e1 in\u0161tal\u00e1cia so skrutkou DETAILY: Priemer vrchnej \u010dasti: 53 mm FAREBN\u00c9<\/p>\n","protected":false},"featured_media":33459,"template":"","meta":{"_acf_changed":false},"product_brand":[],"product_cat":[1208,1378],"product_tag":[],"class_list":{"0":"post-33450","1":"product","2":"type-product","3":"status-publish","4":"has-post-thumbnail","6":"product_cat-zvonceky","7":"product_cat-bells_53mm-sk-2","9":"first","10":"instock","11":"taxable","12":"shipping-taxable","13":"purchasable","14":"product-type-simple"},"bundled_by":[],"bundle_stock_status":"instock","bundle_stock_quantity":452,"bundle_virtual":false,"bundle_layout":"","bundle_add_to_cart_form_location":"","bundle_editable_in_cart":false,"bundle_sold_individually_context":"","bundle_item_grouping":"","bundle_min_size":"","bundle_max_size":"","bundle_price":[],"bundled_items":[],"bundle_sell_ids":[],"acf":[],"_links":{"self":[{"href":"https:\/\/b2b.p2rbike.com\/sk\/wp-json\/wp\/v2\/product\/33450","targetHints":{"allow":["GET"]}}],"collection":[{"href":"https:\/\/b2b.p2rbike.com\/sk\/wp-json\/wp\/v2\/product"}],"about":[{"href":"https:\/\/b2b.p2rbike.com\/sk\/wp-json\/wp\/v2\/types\/product"}],"wp:featuredmedia":[{"embeddable":true,"href":"https:\/\/b2b.p2rbike.com\/sk\/wp-json\/wp\/v2\/media\/33459"}],"wp:attachment":[{"href":"https:\/\/b2b.p2rbike.com\/sk\/wp-json\/wp\/v2\/media?parent=33450"}],"wp:term":[{"taxonomy":"product_brand","embeddable":true,"href":"https:\/\/b2b.p2rbike.com\/sk\/wp-json\/wp\/v2\/product_brand?post=33450"},{"taxonomy":"product_cat","embeddable":true,"href":"https:\/\/b2b.p2rbike.com\/sk\/wp-json\/wp\/v2\/product_cat?post=33450"},{"taxonomy":"product_tag","embeddable":true,"href":"https:\/\/b2b.p2rbike.com\/sk\/wp-json\/wp\/v2\/product_tag?post=33450"}],"curies":[{"name":"wp","href":"https:\/\/api.w.org\/{rel}","templated":true}]}}