{"id":33548,"date":"2025-05-17T17:43:37","date_gmt":"2025-05-17T15:43:37","guid":{"rendered":"https:\/\/b2b.p2rbike.com\/?post_type=product&#038;p=33548"},"modified":"2025-09-17T13:22:54","modified_gmt":"2025-09-17T11:22:54","slug":"p2r-ringo-pink-panda-3d-copy","status":"publish","type":"product","link":"https:\/\/b2b.p2rbike.com\/sk\/produkt\/p2r-ringo-pink-panda-3d-copy\/","title":{"rendered":"P2R RINGO yellow duck, 3D"},"content":{"rendered":"<p><strong>BICYKLOV\u00dd\u00a0ZVON\u010cEK<\/strong><\/p>\n<p>&nbsp;<\/p>\n<ul>\n<li>Vrchn\u00e1 \u010das\u0165 z ocele, z\u00e1kladn\u0148a z plastu, postavi\u010dka z PU<\/li>\n<li>Jednoduch\u00e1 in\u0161tal\u00e1cia so skrutkou<\/li>\n<\/ul>\n<p><strong><br \/>\nDETAILY:<\/strong><\/p>\n<p>Priemer vrchnej \u010dasti: <strong>35 mm<\/strong><\/p>\n<p><strong><br \/>\nFAREBN\u00c9 ALTERNAT\u00cdVY:<\/strong><\/p>\n<p>&nbsp;<\/p>\n<ul>\n<li>purple rabbit (fialov\u00fd zaja\u010dik)<\/li>\n<li>pink panda (ru\u017eov\u00e1 panda)<\/li>\n<li>yellow duck (\u017elt\u00e1 ka\u010di\u010dka)<\/li>\n<li>blue tiger (modr\u00fd tiger)<\/li>\n<\/ul>\n<p><strong><br \/>\nBALENIE<\/strong>: s\u00e1\u010dok a\u00a0sticker (OEM)<\/p>\n","protected":false},"excerpt":{"rendered":"<p>BICYKLOV\u00dd\u00a0ZVON\u010cEK &nbsp; Vrchn\u00e1 \u010das\u0165 z ocele, z\u00e1kladn\u0148a z plastu, postavi\u010dka z PU Jednoduch\u00e1 in\u0161tal\u00e1cia so skrutkou DETAILY: Priemer vrchnej \u010dasti:<\/p>\n","protected":false},"featured_media":33557,"template":"","meta":{"_acf_changed":false},"product_brand":[],"product_cat":[1208,1362],"product_tag":[],"class_list":{"0":"post-33548","1":"product","2":"type-product","3":"status-publish","4":"has-post-thumbnail","6":"product_cat-zvonceky","7":"product_cat-3d-sk","9":"first","10":"outofstock","11":"taxable","12":"shipping-taxable","13":"purchasable","14":"product-type-simple"},"bundled_by":[],"bundle_stock_status":"outofstock","bundle_stock_quantity":0,"bundle_virtual":false,"bundle_layout":"","bundle_add_to_cart_form_location":"","bundle_editable_in_cart":false,"bundle_sold_individually_context":"","bundle_item_grouping":"","bundle_min_size":"","bundle_max_size":"","bundle_price":[],"bundled_items":[],"bundle_sell_ids":[],"acf":[],"_links":{"self":[{"href":"https:\/\/b2b.p2rbike.com\/sk\/wp-json\/wp\/v2\/product\/33548","targetHints":{"allow":["GET"]}}],"collection":[{"href":"https:\/\/b2b.p2rbike.com\/sk\/wp-json\/wp\/v2\/product"}],"about":[{"href":"https:\/\/b2b.p2rbike.com\/sk\/wp-json\/wp\/v2\/types\/product"}],"wp:featuredmedia":[{"embeddable":true,"href":"https:\/\/b2b.p2rbike.com\/sk\/wp-json\/wp\/v2\/media\/33557"}],"wp:attachment":[{"href":"https:\/\/b2b.p2rbike.com\/sk\/wp-json\/wp\/v2\/media?parent=33548"}],"wp:term":[{"taxonomy":"product_brand","embeddable":true,"href":"https:\/\/b2b.p2rbike.com\/sk\/wp-json\/wp\/v2\/product_brand?post=33548"},{"taxonomy":"product_cat","embeddable":true,"href":"https:\/\/b2b.p2rbike.com\/sk\/wp-json\/wp\/v2\/product_cat?post=33548"},{"taxonomy":"product_tag","embeddable":true,"href":"https:\/\/b2b.p2rbike.com\/sk\/wp-json\/wp\/v2\/product_tag?post=33548"}],"curies":[{"name":"wp","href":"https:\/\/api.w.org\/{rel}","templated":true}]}}