{"id":33701,"date":"2025-05-29T11:56:33","date_gmt":"2025-05-29T09:56:33","guid":{"rendered":"https:\/\/b2b.p2rbike.com\/?post_type=product&#038;p=33701"},"modified":"2026-04-27T11:23:41","modified_gmt":"2026-04-27T09:23:41","slug":"p2r-ringo-blue-tiger-3d-copy","status":"publish","type":"product","link":"https:\/\/b2b.p2rbike.com\/sk\/produkt\/p2r-ringo-blue-tiger-3d-copy\/","title":{"rendered":"P2R RINGO teddy bear, 3D"},"content":{"rendered":"<p><strong>BICYKLOV\u00dd\u00a0ZVON\u010cEK<\/strong><\/p>\n<p>&nbsp;<\/p>\n<ul>\n<li>Vrchn\u00e1 \u010das\u0165 z ABS (oto\u010dn\u00e1), z\u00e1klad\u0148a zo zl\u00fa\u010deniny hlin\u00edka<\/li>\n<li>Jednoduch\u00e1 a r\u00fdchla in\u0161tal\u00e1cia so skrutkou<\/li>\n<\/ul>\n<p><strong><br \/>\nDETAILY:<\/strong><\/p>\n<p>Priemer vrchnej \u010dasti: <strong>45*50 mm<\/strong><\/p>\n<p><strong><br \/>\nFAREBN\u00c9 ALTERNAT\u00cdVY:<\/strong><\/p>\n<p>&nbsp;<\/p>\n<ul>\n<li>teddy bear (hned\u00fd macko)<\/li>\n<li>white panda (biela panda)<\/li>\n<\/ul>\n<p><strong><br \/>\nBALENIE<\/strong>: s\u00e1\u010dok a\u00a0sticker (OEM)<\/p>\n","protected":false},"excerpt":{"rendered":"<p>BICYKLOV\u00dd\u00a0ZVON\u010cEK &nbsp; Vrchn\u00e1 \u010das\u0165 z ABS (oto\u010dn\u00e1), z\u00e1klad\u0148a zo zl\u00fa\u010deniny hlin\u00edka Jednoduch\u00e1 a r\u00fdchla in\u0161tal\u00e1cia so skrutkou DETAILY: Priemer vrchnej<\/p>\n","protected":false},"featured_media":33710,"template":"","meta":{"_acf_changed":false},"product_brand":[],"product_cat":[1208,1362],"product_tag":[],"class_list":{"0":"post-33701","1":"product","2":"type-product","3":"status-publish","4":"has-post-thumbnail","6":"product_cat-zvonceky","7":"product_cat-3d-sk","9":"first","10":"instock","11":"taxable","12":"shipping-taxable","13":"purchasable","14":"product-type-simple"},"bundled_by":[],"bundle_stock_status":"instock","bundle_stock_quantity":187,"bundle_virtual":false,"bundle_layout":"","bundle_add_to_cart_form_location":"","bundle_editable_in_cart":false,"bundle_sold_individually_context":"","bundle_item_grouping":"","bundle_min_size":"","bundle_max_size":"","bundle_price":[],"bundled_items":[],"bundle_sell_ids":[],"acf":[],"_links":{"self":[{"href":"https:\/\/b2b.p2rbike.com\/sk\/wp-json\/wp\/v2\/product\/33701","targetHints":{"allow":["GET"]}}],"collection":[{"href":"https:\/\/b2b.p2rbike.com\/sk\/wp-json\/wp\/v2\/product"}],"about":[{"href":"https:\/\/b2b.p2rbike.com\/sk\/wp-json\/wp\/v2\/types\/product"}],"wp:featuredmedia":[{"embeddable":true,"href":"https:\/\/b2b.p2rbike.com\/sk\/wp-json\/wp\/v2\/media\/33710"}],"wp:attachment":[{"href":"https:\/\/b2b.p2rbike.com\/sk\/wp-json\/wp\/v2\/media?parent=33701"}],"wp:term":[{"taxonomy":"product_brand","embeddable":true,"href":"https:\/\/b2b.p2rbike.com\/sk\/wp-json\/wp\/v2\/product_brand?post=33701"},{"taxonomy":"product_cat","embeddable":true,"href":"https:\/\/b2b.p2rbike.com\/sk\/wp-json\/wp\/v2\/product_cat?post=33701"},{"taxonomy":"product_tag","embeddable":true,"href":"https:\/\/b2b.p2rbike.com\/sk\/wp-json\/wp\/v2\/product_tag?post=33701"}],"curies":[{"name":"wp","href":"https:\/\/api.w.org\/{rel}","templated":true}]}}