{"id":34210,"date":"2025-10-01T09:26:09","date_gmt":"2025-10-01T07:26:09","guid":{"rendered":"https:\/\/b2b.p2rbike.com\/?post_type=product&#038;p=34210"},"modified":"2026-04-10T14:05:38","modified_gmt":"2026-04-10T12:05:38","slug":"p2r-nition-10-copy","status":"publish","type":"product","link":"https:\/\/b2b.p2rbike.com\/sk\/produkt\/p2r-nition-10-copy\/","title":{"rendered":"P2R NITION 10C"},"content":{"rendered":"<p>Set osvetlenia <strong>P2R NITION 10C<\/strong> predstavuje ide\u00e1lnu vo\u013ebu pre v\u0161etk\u00fdch t\u00fdch, ktor\u00ed h\u013eadaj\u00fa kvalitn\u00fd nab\u00edjate\u013en\u00fd set osvetlenia s dostato\u010dn\u00fdm v\u00fdkonom <strong>200 Lumenov<\/strong>, vyroben\u00fd zo zliatiny hlin\u00edka (predn\u00e9 osvetlenie) a st\u00e1le za bezkonkuren\u010dn\u00fa cenu. <strong>.<\/strong><br \/>\nV\u00fdkon osvetlenia (<strong>200 Lm<\/strong>) spo\u013eahlivo osvetl\u00ed cestu pred Vami a upozorn\u00ed na Va\u0161u pr\u00edtomnos\u0165 v\u0161etk\u00fdch \u00fa\u010dastn\u00edkov prem\u00e1vky bez oh\u013eadu na to, kde sa nach\u00e1dzate. <strong><br \/>\nPredn\u00e9 osvetlenie<\/strong> &#8211; dr\u017eiak z odoln\u00e9ho gumen\u00e9ho materi\u00e1lu umo\u017e\u0148uje jednoduch\u00e9 a r\u00fdchle uchytenie takmer pre v\u0161etky tvary a priemery riadidiel (kormidiel). <strong><br \/>\nBezpe\u010dnostn\u00e9 osvetlenie<\/strong> &#8211; jednoduch\u00e9 uchytenie pomocou 3 kusov upev\u0148ovac\u00edch kr\u00fa\u017ekov\/<strong>O-kr\u00fa\u017ekov<\/strong> (ur\u010den\u00e9 pre r\u00f4zne priemery sedloviek), ktor\u00e9 s\u00fa kompatibiln\u00e9 pre takmer v\u0161etky tvary a priemery sedloviek (st\u013apik sedla).<\/p>\n<p><strong>POZN\u00c1MKA<\/strong>: V\u010faka \u0161t\u00edhlemu tvaru tela je bezpe\u010dnostn\u00e9 osvetlenie kompatibiln\u00e9<strong> s AERO sedlovkami<\/strong>, ktor\u00e9 sa pou\u017e\u00edvaj\u00fa pre cestn\u00e9 bicykle.<br \/>\nMilo prekvap\u00ed ve\u013emi n\u00edzka hmotnos\u0165 bezpe\u010dnostn\u00e9ho osvetlenia <strong>&#8222;iba 15g&#8220; <\/strong>a ve\u013ek\u00fd uhol svietenia . Hmotnos\u0165 predn\u00e9ho osvetlenia je <strong>&#8222;iba 54g&#8220;<\/strong>.<br \/>\nMont\u00e1\u017e setu osvetlenia je v\u010faka pou\u017eit\u00fdm dr\u017eiakom iba ot\u00e1zkou nieko\u013ek\u00fdch sek\u00fand a tvoja vidite\u013enos\u0165 na ceste a <strong>bezpe\u010dnos\u0165 je garantovan\u00e1.<br \/>\n<\/strong>Univerz\u00e1lny dr\u017eiak predn\u00e9ho osvetlenia umo\u017e\u0148uje jednoduch\u00e9 a r\u00fdchle prichytenie napr. na kon\u00e1r, kon\u0161trukciu reg\u00e1la alebo iba ako be\u017en\u00fa baterku v dom\u00e1cnosti, gar\u00e1\u017ei \u010di kempe.<br \/>\nPr\u00edjemne prekvap\u00ed <strong>v\u00fddr\u017e<\/strong> osvetlenia pri plnom v\u00fdkone:<\/p>\n<p>\u2022 predn\u00e9 osvetlenie a\u017e 2 hodiny<br \/>\n<strong>\u2022 bezpe\u010dnostn\u00e9 osvetlenie a\u017e 3 hodiny<\/strong><br \/>\nIPX-4 \u00farove\u0148 vodeodolnosti umo\u017e\u0148uje pou\u017eitie NITION 10C v ka\u017edom po\u010das\u00ed<br \/>\nUSB konektor predn\u00e9ho osvetlenia integrovan\u00fd v zadnej \u010dasti umo\u017e\u0148uje<strong> 2 sp\u00f4soby nab\u00edjania bat\u00e9rie:<\/strong><br \/>\n\u2022 zasunut\u00edm do USB portu PC alebo nab\u00edja\u010dky<br \/>\n<strong>\u2022 s pou\u017eit\u00edm predl\u017eovacieho k\u00e1bla USB 2.0,<\/strong> ktor\u00fd pon\u00faka pohodln\u00e9 nab\u00edjanie ako pri in\u00fdch be\u017en\u00fdch osvetleniach a z\u00e1rove\u0148 chr\u00e1ni konektor osvetlenia aj PC pred nechcen\u00fdm\/ne\u017eiad\u00facim po\u0161koden\u00edm (odpor\u00fa\u010dan\u00e9 P2R).<\/p>\n<p><strong>DETAILY PREDN\u00c9HO SVETLA<\/strong><br \/>\nSveteln\u00fd v\u00fdkon: <strong>200 Lm<\/strong><br \/>\n<strong>IPX4<\/strong> &#8211; odoln\u00e9 vo\u010di striekaj\u00facej vode<br \/>\nTyp bat\u00e9rie: <strong>800mAh Li-pol<\/strong><br \/>\n<strong>V\u00fddr\u017e bat\u00e9rie a re\u017eimy:<\/strong> 100% (<strong>2 h<\/strong>), 50% (<strong>4 h<\/strong>), stroboskop (<strong>6 h<\/strong>)<\/p>\n<p><strong>ROZMER<\/strong>: predn\u00e9 svetlo: <strong>82 x 30 x 22 mm<\/strong> (telo svetla bez dr\u017eiaka)<br \/>\nHMOTNOS\u0164: <strong>54 g<\/strong><br \/>\n<strong>IPX4<\/strong> &#8211; vodeodoln\u00e9<\/p>\n<p><strong>DETAILY BEZPE\u010cNOSTN\u00c9HO OSVETLENIA<\/strong><br \/>\nSveteln\u00fd v\u00fdkon: <strong>8 Lm<\/strong><br \/>\nZdroj svetla: <strong>5 x SMD LED di\u00f3d<\/strong><br \/>\nTyp bat\u00e9rie: <strong>Li-pol 200mAh<\/strong><br \/>\n<strong>V\u00fddr\u017e bat\u00e9rie a re\u017eimy:<\/strong> 100% (<strong>3 h<\/strong>), blikanie (<strong>6<\/strong> <strong>h<\/strong>), v\u00fdber di\u00f3d (<strong>8 h<\/strong>)<\/p>\n<p><strong>ROZMER<\/strong>: <strong>84 x 22 x 20 mm<\/strong> (telo svetla bez dr\u017eiaka)<br \/>\nHMOTNOS\u0164: <strong>15 g<\/strong><br \/>\n<strong>IPX4<\/strong> \u2013 vodeodoln\u00e9<\/p>\n<p><strong>PR\u00cdSLU\u0160ENSTVO<\/strong>:<br \/>\n<strong>USB-C<\/strong> nab\u00edjac\u00ed k\u00e1bel (je s\u00fa\u010das\u0165ou balenia)<br \/>\n<strong>USB 2.0<\/strong> predl\u017eovac\u00ed k\u00e1bel pre predn\u00e9 osvetlenie (je s\u00fa\u010das\u0165ou balenia)<br \/>\n<strong>O-rings<\/strong> (3 ks) s r\u00f4znou ve\u013ekos\u0165ou pre mont\u00e1\u017e bezpe\u010dnostn\u00e9ho osvetlenia (je s\u00fa\u010das\u0165ou balenia)<\/p>\n<p><strong>KOMPATIBILITA<\/strong>:<br \/>\nV\u0161etky be\u017en\u00e9 ve\u013ekosti riadidiel a sedloviek<\/p>\n<p><strong>BALENIE<\/strong>: v dizajne P2R<\/p>\n","protected":false},"excerpt":{"rendered":"<p>Set osvetlenia P2R NITION 10C predstavuje ide\u00e1lnu vo\u013ebu pre v\u0161etk\u00fdch t\u00fdch, ktor\u00ed h\u013eadaj\u00fa kvalitn\u00fd nab\u00edjate\u013en\u00fd set osvetlenia s dostato\u010dn\u00fdm v\u00fdkonom<\/p>\n","protected":false},"featured_media":11936,"template":"","meta":{"_acf_changed":false},"product_brand":[],"product_cat":[418,421],"product_tag":[],"class_list":{"0":"post-34210","1":"product","2":"type-product","3":"status-publish","4":"has-post-thumbnail","6":"product_cat-osvetlenie","7":"product_cat-set-osvetlenia","9":"first","10":"instock","11":"taxable","12":"shipping-taxable","13":"purchasable","14":"product-type-simple"},"bundled_by":[],"bundle_stock_status":"instock","bundle_stock_quantity":590,"bundle_virtual":false,"bundle_layout":"","bundle_add_to_cart_form_location":"","bundle_editable_in_cart":false,"bundle_sold_individually_context":"","bundle_item_grouping":"","bundle_min_size":"","bundle_max_size":"","bundle_price":[],"bundled_items":[],"bundle_sell_ids":[],"acf":[],"_links":{"self":[{"href":"https:\/\/b2b.p2rbike.com\/sk\/wp-json\/wp\/v2\/product\/34210","targetHints":{"allow":["GET"]}}],"collection":[{"href":"https:\/\/b2b.p2rbike.com\/sk\/wp-json\/wp\/v2\/product"}],"about":[{"href":"https:\/\/b2b.p2rbike.com\/sk\/wp-json\/wp\/v2\/types\/product"}],"wp:featuredmedia":[{"embeddable":true,"href":"https:\/\/b2b.p2rbike.com\/sk\/wp-json\/wp\/v2\/media\/11936"}],"wp:attachment":[{"href":"https:\/\/b2b.p2rbike.com\/sk\/wp-json\/wp\/v2\/media?parent=34210"}],"wp:term":[{"taxonomy":"product_brand","embeddable":true,"href":"https:\/\/b2b.p2rbike.com\/sk\/wp-json\/wp\/v2\/product_brand?post=34210"},{"taxonomy":"product_cat","embeddable":true,"href":"https:\/\/b2b.p2rbike.com\/sk\/wp-json\/wp\/v2\/product_cat?post=34210"},{"taxonomy":"product_tag","embeddable":true,"href":"https:\/\/b2b.p2rbike.com\/sk\/wp-json\/wp\/v2\/product_tag?post=34210"}],"curies":[{"name":"wp","href":"https:\/\/api.w.org\/{rel}","templated":true}]}}