{"id":34510,"date":"2026-01-14T14:13:01","date_gmt":"2026-01-14T13:13:01","guid":{"rendered":"https:\/\/b2b.p2rbike.com\/?post_type=product&#038;p=34510"},"modified":"2026-01-26T09:31:15","modified_gmt":"2026-01-26T08:31:15","slug":"p2r-guideman-co2-repair-kit","status":"publish","type":"product","link":"https:\/\/b2b.p2rbike.com\/sk\/produkt\/p2r-guideman-co2-repair-kit\/","title":{"rendered":"P2R GUIDEMAN, CO2 repair kit"},"content":{"rendered":"<p>TUBELESS SADA NA OPRAVU PNEUMAT\u00cdK<\/p>\n<p><strong>P2R GUIDEMAN CO2<\/strong> \u00a0je praktick\u00e1 opravn\u00e1 sada na defekty pre bezdu\u0161ov\u00e9 pl\u00e1\u0161te a z\u00e1rove\u0148 mini CO2 hustilka vyroben\u00e1 zo zl\u00fa\u010deniny hlin\u00edka technol\u00f3giou <strong>CNC<\/strong>.<br \/>\nTesniace podlo\u017eky spo\u013eahlivo utes\u0148uj\u00fa z\u00e1vitov\u00e9 spojenie a\u00a0zais\u0165uj\u00fa spo\u013eahliv\u00fa funkciu <strong>bez \u00faniku tlaku<\/strong>.<br \/>\nHlavica hustilky je ur\u010den\u00e1 <strong>pre 16g CO2 kartu\u0161e<\/strong> so z\u00e1vitom (<u>CO2 kartu\u0161a <strong>NIE<\/strong> je s\u00fa\u010das\u0165ou balenia<\/u>).<br \/>\n<strong>M\u00e4kk\u00fd gumov\u00fd n\u00e1vlek<\/strong> (iba pre 16g kartu\u0161e), ktor\u00fd je s\u00fa\u010das\u0165ou balenia \u2013 chr\u00e1ni Va\u0161e prsty pred nebezpe\u010denstvom mo\u017en\u00e9ho omrznutia pri nespr\u00e1vnom pou\u017eit\u00ed.<br \/>\n<strong>Kn\u00f4ty<\/strong> (10 ks) s\u00fa bezpe\u010dne ulo\u017een\u00e9 vo vodotesnom z\u00e1vitovom puzdre.<\/p>\n<p>Cel\u00fd set m\u00e1 ve\u013emi <strong>kompaktn\u00fa ve\u013ekos\u0165<\/strong> (IBA <strong>13 cm<\/strong>) a <strong>n\u00edzku hmotnos\u0165<\/strong> (IBA<strong> 32 g<\/strong>), \u010do ve\u013emi v\u00fdrazne u\u013eah\u010duje jeho pren\u00e1\u0161anie (napr. vo vrecku v drese) a skladovanie (batoh, r\u00e1mov\u00e1 alebo podsedlov\u00e1 ta\u0161ka).<\/p>\n<p><strong>ODPOR\u00da\u010cANIE:<\/strong><br \/>\nT\u00fato CO2 opravn\u00fa sadu <span style=\"text-decoration: underline;\">odpor\u00fa\u010dame pre ka\u017ed\u00e9ho cyklistu, ktor\u00fd pou\u017e\u00edva bezdu\u0161ov\u00e9 pl\u00e1\u0161te<\/span>.<br \/>\nM\u00e1 kompaktn\u00e9 rozmery, jej pou\u017eitie je ve\u013emi jednoduch\u00e9 a pom\u00f4\u017ee V\u00e1m vr\u00e1ti\u0165 sa k jazde na bicykli v priebehu p\u00e1r min\u00fat.<\/p>\n<p><strong><br \/>\nDETAILY:<br \/>\n<\/strong><\/p>\n<ul>\n<li><strong>CO2 adapt\u00e9r<\/strong> &#8230; kompaktn\u00e9 rozmery a n\u00edzka hmotnos\u0165<\/li>\n<li>Kompatibilita: <strong>IBA<\/strong> pre kartu\u0161e <strong>16 g<\/strong><\/li>\n<li>D\u013a\u017eka: <strong>13 cm<\/strong><\/li>\n<li>Hmotnos\u0165: <strong>32 g<br \/>\n<\/strong><\/li>\n<\/ul>\n<p><strong><br \/>\nOBSAH BALENIA<\/strong>:<\/p>\n<ul>\n<li>\u010distiaca ihla s aplika\u010dnou vidli\u010dkou, CO2 adapt\u00e9r, ochrann\u00fd n\u00e1vlek na kartu\u0161u 16 g, 10ks kn\u00f4tov<\/li>\n<\/ul>\n<p><strong><br \/>\nBALENIE: <\/strong>v\u00a0krabi\u010dke s\u00a0dizajnom P2R<\/p>\n","protected":false},"excerpt":{"rendered":"<p>TUBELESS SADA NA OPRAVU PNEUMAT\u00cdK P2R GUIDEMAN CO2 \u00a0je praktick\u00e1 opravn\u00e1 sada na defekty pre bezdu\u0161ov\u00e9 pl\u00e1\u0161te a z\u00e1rove\u0148 mini<\/p>\n","protected":false},"featured_media":34842,"template":"","meta":{"_acf_changed":false},"product_brand":[],"product_cat":[1394,697],"product_tag":[],"class_list":{"0":"post-34510","1":"product","2":"type-product","3":"status-publish","4":"has-post-thumbnail","6":"product_cat-co2-system","7":"product_cat-bezdusove-systemy","9":"first","10":"instock","11":"taxable","12":"shipping-taxable","13":"purchasable","14":"product-type-simple"},"bundled_by":[],"bundle_stock_status":"instock","bundle_stock_quantity":184,"bundle_virtual":false,"bundle_layout":"","bundle_add_to_cart_form_location":"","bundle_editable_in_cart":false,"bundle_sold_individually_context":"","bundle_item_grouping":"","bundle_min_size":"","bundle_max_size":"","bundle_price":[],"bundled_items":[],"bundle_sell_ids":[],"acf":[],"_links":{"self":[{"href":"https:\/\/b2b.p2rbike.com\/sk\/wp-json\/wp\/v2\/product\/34510","targetHints":{"allow":["GET"]}}],"collection":[{"href":"https:\/\/b2b.p2rbike.com\/sk\/wp-json\/wp\/v2\/product"}],"about":[{"href":"https:\/\/b2b.p2rbike.com\/sk\/wp-json\/wp\/v2\/types\/product"}],"wp:featuredmedia":[{"embeddable":true,"href":"https:\/\/b2b.p2rbike.com\/sk\/wp-json\/wp\/v2\/media\/34842"}],"wp:attachment":[{"href":"https:\/\/b2b.p2rbike.com\/sk\/wp-json\/wp\/v2\/media?parent=34510"}],"wp:term":[{"taxonomy":"product_brand","embeddable":true,"href":"https:\/\/b2b.p2rbike.com\/sk\/wp-json\/wp\/v2\/product_brand?post=34510"},{"taxonomy":"product_cat","embeddable":true,"href":"https:\/\/b2b.p2rbike.com\/sk\/wp-json\/wp\/v2\/product_cat?post=34510"},{"taxonomy":"product_tag","embeddable":true,"href":"https:\/\/b2b.p2rbike.com\/sk\/wp-json\/wp\/v2\/product_tag?post=34510"}],"curies":[{"name":"wp","href":"https:\/\/api.w.org\/{rel}","templated":true}]}}