{"id":34609,"date":"2026-01-24T14:24:59","date_gmt":"2026-01-24T13:24:59","guid":{"rendered":"https:\/\/b2b.p2rbike.com\/?post_type=product&#038;p=34609"},"modified":"2026-01-24T14:37:40","modified_gmt":"2026-01-24T13:37:40","slug":"p2r-raxxa-black-xs","status":"publish","type":"product","link":"https:\/\/b2b.p2rbike.com\/sk\/produkt\/p2r-raxxa-black-xs\/","title":{"rendered":"P2R RAXXA black, XS"},"content":{"rendered":"<p>KR\u00c1TKOPRST\u00c9 D\u00c1MSKE CYKLISTICK\u00c9 RUKAVICE<\/p>\n<p><strong>P2R RAXXA <\/strong>s\u00fa super \u013eahk\u00e9, vzdu\u0161n\u00e9 a kvalitn\u00e9 rukavice, ktor\u00e9 pon\u00fakaj\u00fa\u00a0<strong>vyladen\u00fd strih, kvalitn\u00e9 spracovane a vysok\u00fd komfortom pri nosen\u00ed<\/strong>, ktor\u00fd V\u00e1s nen\u00fati rukavice vyzlieka\u0165 \u010di u\u017e pri kr\u00e1tkom zastaven\u00ed na oddych, alebo prest\u00e1vke na ob\u010derstvenie \u010di jedlo.<br \/>\n&#8222;<strong>\u00a0SECOND SKIN<\/strong>&#8220; je ten prav\u00fd v\u00fdraz, ktor\u00fd najlep\u0161ie vystihuje pocit pri oble\u010den\u00ed rukav\u00edc na ruke, ktor\u00e9 celkovo p\u00f4sobia dojmom ich men\u0161ej ve\u013ekosti, \u010do je umo\u017enen\u00e9 vylep\u0161en\u00fdmi vlastnos\u0165ami materi\u00e1lu, ktor\u00fd sme pre na\u0161e rukavice pou\u017eili.<\/p>\n<p><strong>Pozn\u00e1mka: pre spr\u00e1vny v\u00fdber ve\u013ekosti, pros\u00edm vyu\u017eite \u00fadaje ve\u013ekostnej tabu\u013eky.<\/strong><\/p>\n<p>Nov\u00fd materi\u00e1l tzv.\u00a0<strong>Lycra mesh<\/strong>\u00a0s vylep\u0161en\u00fdmi vlastnos\u0165ami vl\u00e1kna v\u00fdborne\u00a0<strong>kop\u00edruje povrch ruky<\/strong>\u00a0a z\u00e1rove\u0148 poskytuje\u00a0<strong>v\u00fdborn\u00e9 odvetranie<\/strong>.<br \/>\nVyladen\u00fd strih rukav\u00edc, ktor\u00fd\u00a0<strong>re\u0161pektuje anat\u00f3miu \u017eenskej ruky<\/strong>\u00a0presne sed\u00ed a poskytuje maxim\u00e1lny komfort pri nosen\u00ed.<br \/>\n<strong>Pull-on<\/strong>\u00a0&#8211; spevnen\u00e1 \u010das\u0165 na z\u00e1p\u00e4st\u00ed u\u013eah\u010duje obliekanie rukav\u00edc a celkov\u00e9 pred\u013a\u017eenie dla\u0148ovej \u010dasti chr\u00e1ni vn\u00fatorn\u00fa \u010das\u0165 z\u00e1p\u00e4stia pri ne\u010dakanom p\u00e1de.<br \/>\nNa b\u00e1ze prstov prostredn\u00edka a prstenn\u00edka je tzv.\u00a0<strong>Pull-out<\/strong>\u00a0so silik\u00f3novou potla\u010dou&#8230; s\u00fa to pr\u00fa\u017eky, ktor\u00e9 pri ich zatiahnut\u00ed prstami ukazov\u00e1k + prostredn\u00edk, u\u013eah\u010duj\u00fa vyzliekanie rukav\u00edc po tr\u00e9ningu, \u010di v\u00fdlete (aj mokr\u00e9 rukavice) a silik\u00f3n z\u00e1rove\u0148 poskytuje lep\u0161iu istotu pri raden\u00ed, \u010di brzden\u00ed (prsty sa ne\u0161m\u00fdkaj\u00fa).<br \/>\nPriestor pri roztiahnut\u00fdch prstoch palec + ukazov\u00e1k poskytuje\u00a0<strong>100% hybnos\u0165 prstov<\/strong>, tak\u017ee nec\u00edtite takmer \u017eiadne pohybov\u00e9 obmedzenie, \u010do prispieva ku komfortu nosenia a\u00a0<strong>2-jit\u00e9 pre\u0161itie<\/strong>\u00a0zvy\u0161uje odolnos\u0165 a \u017eivotnos\u0165 rukav\u00edc (najviac nam\u00e1han\u00e1 \u010das\u0165 rukav\u00edc).<br \/>\nChrbtov\u00e1 \u010das\u0165 palca je rie\u0161en\u00e1 materi\u00e1lom, ktor\u00fd je vyroben\u00fd z\u00a0<strong>polyesterov\u00e9ho po\u010desan\u00e9ho mikro-vl\u00e1kna<\/strong>\u00a0(pred\u013a\u017een\u00fdm vlasom materi\u00e1lu), \u010do v\u00fdborne posl\u00fa\u017ei v pr\u00edpade, ke\u010f si potrebujete\u00a0<strong>utrie\u0165 spoten\u00e9 \u010delo, \u010di zarosen\u00e9 okuliare po v\u00fdkone<\/strong>\u00a0(tzv. utierka).<br \/>\nDizajn rukav\u00edc je v\u00fdborne dotvoren\u00fd <strong>reflexn\u00fdmi detailami<\/strong>, ktor\u00e9 maj\u00fa <strong>nielen<\/strong> estetick\u00fa, ale <strong>hlavne bezpe\u010dnostn\u00fa \u00falohu<\/strong>, ke\u010f\u017ee v \u010dase zn\u00ed\u017eenej vidite\u013enosti v\u00fdrazn\u00fdm sp\u00f4sobom zlep\u0161uj\u00fa vidite\u013enos\u0165 jazdca pre protiid\u00facich vodi\u010dov.<br \/>\n<strong>Zap\u00ednanie rukav\u00edc<\/strong>\u00a0je technicky rie\u0161en\u00e9 na vrchnej strane z\u00e1p\u00e4stia pomocou kvalitn\u00e9ho a na dotyk m\u00e4kk\u00e9ho such\u00e9ho zipsu (vrchn\u00e1 strana zap\u00edna\u010da), ktor\u00fd na ruke nec\u00edtite a je vyvinut\u00fd tak, aby nepo\u0161kodzoval materi\u00e1l dresu.<br \/>\nTechnick\u00e9 rie\u0161enie, pri ktorom sme upravili plochu such\u00e9ho zipsu zo spodnej strane zap\u00edna\u010da zni\u017euje riziko nechcen\u00e9ho zachytenia o vl\u00e1kna dresu.<br \/>\n<strong>Dla\u0148ov\u00e1 \u010das\u0165<\/strong>\u00a0rukav\u00edc m\u00e1 takisto v\u00fdborne vyladen\u00fd strih, ktor\u00fd\u00a0<strong>eliminuje<\/strong>\u00a0nepr\u00edjemn\u00e9 vlnenie materi\u00e1lu na dlani pri zohnut\u00ed prstov. Dodato\u010dn\u00e9 odvetranie dla\u0148ovej \u010dasti je rie\u0161en\u00e9\u00a0<strong>perforovan\u00edm<\/strong>.<br \/>\nZv\u00fd\u0161enie komfortu pri jazde zabezpe\u010duj\u00fa\u00a0<strong>g\u00e9lov\u00e9 v\u00fdstelky<\/strong>\u00a0, ktor\u00e9 tlmia n\u00e1razy pren\u00e1\u0161an\u00e9 pri jazde z cesty alebo trailu a v\u00fdrazne\u00a0<strong>zni\u017euj\u00fa tlak na uln\u00e1rny nerv<\/strong>\u00a0, ktor\u00fd je \u010dasto d\u00f4vodom nepr\u00edjemn\u00e9ho t\u0155pnutia prstov. Bezpe\u010dn\u00e9 uchytenie na gripoch (rukov\u00e4tiach) zabezpe\u010duje silik\u00f3nov\u00e1 potla\u010d.<\/p>\n<p><strong><br \/>\nVLASTNOSTI<\/strong>:<\/p>\n<p>\u2022 Chrb\u00e1t ruky: vyroben\u00e9 z materi\u00e1lu\u00a0<strong>Lycra mesh<\/strong>\u00a0pre v\u00fdborn\u00e9 odvetranie chrbtovej \u010dasti ruky<br \/>\n\u2022 Dla\u0148: vyroben\u00e9 z materi\u00e1lu\u00a0<strong>Amara<\/strong>\u00a0(syntetick\u00e1 ko\u017ea s vylep\u0161en\u00fdmi vlastnos\u0165ami) s perforovan\u00edm<br \/>\n\u2022 D\u013a\u017eka rukavice hornej \u010dasti kop\u00edruje anat\u00f3miu ruky, je mierne skr\u00e1ten\u00e1 a umo\u017e\u0148uje\u00a0<strong>vo\u013en\u00fd pohyb v z\u00e1p\u00e4st\u00ed<\/strong><br \/>\n\u2022 Spodn\u00e1 \u010das\u0165 rukavice je\u00a0<strong>mierne pred\u013a\u017een\u00e1<\/strong>\u00a0a\u017e po z\u00e1p\u00e4stie a chr\u00e1ni pri nechcenom p\u00e1de<br \/>\n\u2022 Zosilnen\u00e1 \u010das\u0165 s\u00a0<strong>s 2-jit\u00fdm pre\u0161it\u00edm<\/strong>\u00a0medzi palcom a ukazov\u00e1kom pre vy\u0161\u0161iu odolnos\u0165 a \u017eivotnos\u0165 rukavice<br \/>\n\u2022 Bo\u010dn\u00e1 aj horn\u00e1 \u010das\u0165 palca s\u00a0<strong>utierkou z \u010desan\u00e9ho mikrovl\u00e1kna<\/strong>\u00a0pre mo\u017enos\u0165 utierania spoten\u00e9ho \u010dela alebo okuliarov<br \/>\n\u2022 Pohodln\u00e9 zap\u00ednanie\u00a0<strong>such\u00fdm zipsom<\/strong>\u00a0na z\u00e1p\u00e4st\u00ed<br \/>\n\u2022 Pou\u017eit\u00fd kvalitn\u00fd such\u00fd zips s upravenou ve\u013ekos\u0165ou\u00a0<strong>chr\u00e1ni dres<\/strong>\u00a0aj in\u00e9 \u010dasti oble\u010denia\u00a0<strong>pred n\u00e1hodn\u00fdm zachyten\u00edm a po\u0161koden\u00edm<\/strong><br \/>\n\u2022 Spevnen\u00e1 \u010das\u0165 na z\u00e1p\u00e4st\u00ed tzv.\u00a0<strong>&#8222;PULL &#8211; ON&#8220;<\/strong>\u00a0pre jednoduch\u0161ie obliekanie rukav\u00edc<br \/>\n\u2022 P\u00fatka so silik\u00f3nom na b\u00e1ze prostredn\u00edka a prsten\u00edka tzv.\u00a0<strong>&#8222;PULL &#8211; OUT&#8220;<\/strong>\u00a0pre jednoduch\u0161ie vyzliekanie rukav\u00edc po v\u00fdkone<br \/>\n\u2022\u00a0<strong>Silik\u00f3nov\u00e1 potla\u010d<\/strong>\u00a0na dlani pre bezpe\u010dn\u00fd \u00fachyt<br \/>\n\u2022\u00a0<strong>G\u00e9lov\u00e9 v\u00fdstelky<\/strong>\u00a0pre zv\u00fd\u0161enie komfortu<br \/>\n\u2022 <strong>Reflexn\u00e9 prvky<\/strong> pre <strong>zv\u00fd\u0161enie vidite\u013enosti<\/strong> a z\u00e1rove\u0148 <strong>pas\u00edvnej bezpe\u010dnosti<\/strong><\/p>\n<p><strong><br \/>\nMATERI\u00c1LOV\u00c9 ZLO\u017dENIE<\/strong>:<\/p>\n<p><strong>Dla\u0148 rukavice<\/strong>: Polyester 92%, Polyuret\u00e1n 5%, PVC 3%<br \/>\n<strong>Chrb\u00e1t ruky<\/strong>: Polyester 90%, Nylon 10%<\/p>\n<p><strong><br \/>\nBALENIE<\/strong>:<\/p>\n<ul>\n<li>karta P2R<\/li>\n<\/ul>\n<p><strong><br \/>\nFAREBN\u00c9 ALTERNAT\u00cdVY<\/strong>:<\/p>\n<p>\u2022 Black-black<br \/>\n\u2022 Black-rose pink<br \/>\n\u2022 Black-purple<\/p>\n","protected":false},"excerpt":{"rendered":"<p>KR\u00c1TKOPRST\u00c9 D\u00c1MSKE CYKLISTICK\u00c9 RUKAVICE P2R RAXXA s\u00fa super \u013eahk\u00e9, vzdu\u0161n\u00e9 a kvalitn\u00e9 rukavice, ktor\u00e9 pon\u00fakaj\u00fa\u00a0vyladen\u00fd strih, kvalitn\u00e9 spracovane a vysok\u00fd<\/p>\n","protected":false},"featured_media":34608,"template":"","meta":{"_acf_changed":false},"product_brand":[],"product_cat":[405,406],"product_tag":[],"class_list":{"0":"post-34609","1":"product","2":"type-product","3":"status-publish","4":"has-post-thumbnail","6":"product_cat-rukavice","7":"product_cat-damske-rukavice","9":"first","10":"instock","11":"taxable","12":"shipping-taxable","13":"purchasable","14":"product-type-simple"},"bundled_by":[],"bundle_stock_status":"instock","bundle_stock_quantity":0,"bundle_virtual":false,"bundle_layout":"","bundle_add_to_cart_form_location":"","bundle_editable_in_cart":false,"bundle_sold_individually_context":"","bundle_item_grouping":"","bundle_min_size":"","bundle_max_size":"","bundle_price":[],"bundled_items":[],"bundle_sell_ids":[],"acf":[],"_links":{"self":[{"href":"https:\/\/b2b.p2rbike.com\/sk\/wp-json\/wp\/v2\/product\/34609","targetHints":{"allow":["GET"]}}],"collection":[{"href":"https:\/\/b2b.p2rbike.com\/sk\/wp-json\/wp\/v2\/product"}],"about":[{"href":"https:\/\/b2b.p2rbike.com\/sk\/wp-json\/wp\/v2\/types\/product"}],"wp:featuredmedia":[{"embeddable":true,"href":"https:\/\/b2b.p2rbike.com\/sk\/wp-json\/wp\/v2\/media\/34608"}],"wp:attachment":[{"href":"https:\/\/b2b.p2rbike.com\/sk\/wp-json\/wp\/v2\/media?parent=34609"}],"wp:term":[{"taxonomy":"product_brand","embeddable":true,"href":"https:\/\/b2b.p2rbike.com\/sk\/wp-json\/wp\/v2\/product_brand?post=34609"},{"taxonomy":"product_cat","embeddable":true,"href":"https:\/\/b2b.p2rbike.com\/sk\/wp-json\/wp\/v2\/product_cat?post=34609"},{"taxonomy":"product_tag","embeddable":true,"href":"https:\/\/b2b.p2rbike.com\/sk\/wp-json\/wp\/v2\/product_tag?post=34609"}],"curies":[{"name":"wp","href":"https:\/\/api.w.org\/{rel}","templated":true}]}}