{"id":34952,"date":"2026-04-06T13:01:59","date_gmt":"2026-04-06T11:01:59","guid":{"rendered":"https:\/\/b2b.p2rbike.com\/?post_type=product&#038;p=34952"},"modified":"2026-04-06T14:02:11","modified_gmt":"2026-04-06T12:02:11","slug":"p2r-fotton-400-copy","status":"publish","type":"product","link":"https:\/\/b2b.p2rbike.com\/sk\/produkt\/p2r-fotton-400-copy\/","title":{"rendered":"P2R FOTTON 600BCD"},"content":{"rendered":"<p>PREDN\u00c9 OSVETLENIE<\/p>\n<p><strong>P2R FOTTON 600 BCD <\/strong>(nov\u00fd model v s\u00e9rii P2R FOTTON) je predn\u00e9, <strong>USB- C nab\u00edjate\u013en\u00e9 osvetlenie.<\/strong> Je vyroben\u00e9 zo zliatiny hlin\u00edka a ur\u010den\u00e9 v\u0161etk\u00fdm cyklistom, ktor\u00ed chc\u00fa by\u0165 na ceste dobre viden\u00ed a z\u00e1rove\u0148 ma\u0165 svetlo dostato\u010dne siln\u00e9 na jazdu v ak\u00fdchko\u013evek sveteln\u00fdch podmienkach, \u010di u\u017e za denn\u00e9ho svetla, alebo po\u010das zn\u00ed\u017eenej vidite\u013enosti, kedy poskytne spo\u013eahliv\u00e9 osvetlenie ter\u00e9nu pred Vami aj po stran\u00e1ch bicykla a zabezpe\u010d\u00ed tak spo\u013eahliv\u00e9 a bezpe\u010dn\u00e9 jazdenie aj mimo osvetlen\u00fdch ul\u00edc mesta.<br \/>\nOptimalizovan\u00fd tvar sveteln\u00e9ho ku\u017ee\u013ea predur\u010duje tento model pre \u0161irok\u00e9 spektrum pou\u017eitia, nielen na bicykli, ale aj v dom\u00e1cnosti, gar\u00e1\u017ei, \u010di kempe.<br \/>\n<strong>Memory effect<\/strong> &#8211; funkcia zapam\u00e4tania posledn\u00e9ho pou\u017eit\u00e9ho re\u017eimu pon\u00faka op\u00e4tovn\u00e9 zapnutie vo Va\u0161om ob\u013e\u00fabenom re\u017eime.<br \/>\n<strong>Capacity display<\/strong> &#8211; neust\u00e1le infomuje o zost\u00e1vaj\u00facej vyu\u017eite\u013enej kapacite bat\u00e9rie<br \/>\n<strong>Power bank<\/strong> &#8211; umo\u017e\u0148uje v pr\u00edpade potreby dobi\u0165 V\u00e1\u0161 telef\u00f3n (nab\u00edjac\u00ed k\u00e1bel USB-C a USB-C s\u00fa\u010das\u0165ou balenia)<br \/>\n<strong>Garmin dr\u017eiak<\/strong> &#8211; jednoduch\u00e1 a r\u00fdchla mont\u00e1\u017e a demont\u00e1\u017e svetla na bicykel.<br \/>\n<strong>Automatick\u00fd m\u00f3d<\/strong> &#8211; dvojklikom aktivujete automatick\u00fd m\u00f3d, kedy sa svetlo automaticky zapne po zn\u00ed\u017een\u00ed vidite\u013enosti<\/p>\n<p><strong>VLASTNOSTI<\/strong>:<br \/>\nV\u00fdkon osvetlenia: <strong>600 lm<\/strong><br \/>\nZdroj svetla: <strong>1 x CREE T6 super bright LED<\/strong><br \/>\nSt\u00e1le svietenie: 100%, 50%, 30%<br \/>\nBlikanie 100%, SOS<\/p>\n<p><strong>V\u00fddr\u017e bat\u00e9rie:<\/strong><br \/>\nV z\u00e1vislosti od zvolen\u00e9ho re\u017eimu svietenia: 100% (<strong>1 h 50 min<\/strong>) &#8211; 50% (<strong>4 h 10 min<\/strong>) &#8211; 30% (<strong>6\u00a0h 30 min<\/strong>)<br \/>\nBlikanie: 100% (<strong>2 h 30 min<\/strong>), SOS 100% (<strong>2 h<\/strong>)<br \/>\nAutomatick\u00fd m\u00f3d: dvoj-klikom sa prepnete do automatick\u00e9ho m\u00f3du, ktor\u00fd sa aktivuje automaticky pri zn\u00ed\u017eenej vidite\u013enosti (<strong>pros\u00edm skontrolujte riadne vypnutie svetla sk\u00f4r, ako opust\u00edte bicykel<\/strong>)<\/p>\n<p>\u010cas nab\u00edjania: <strong>2 h<\/strong><br \/>\nTyp bat\u00e9rie: <strong>Li-pol 1200 mAh<\/strong><\/p>\n<p><strong>Indik\u00e1tor<\/strong>:<br \/>\nmodr\u00e9 &#8211; nab\u00edjanie<br \/>\n\u010derven\u00e9 &#8211; objav\u00ed sa, pokia\u013e kapacita nabitia dosiahne kritick\u00fa hodnotu 10%&gt;<\/p>\n<p><strong>DETAILY<\/strong>:<br \/>\nRozmery: <strong>70,5 x 30 x 30,5 mm<\/strong> (iba telo svetla)<br \/>\nHmotnos\u0165: <strong>94 g<\/strong> (svetlo + dr\u017eiak)<br \/>\n<strong>IPX6<\/strong>\u00a0&#8211; vodeodoln\u00e9<\/p>\n<p><strong>PR\u00cdSLU\u0160ENSTVO<\/strong>:<br \/>\nUSB-C a USB-C k\u00e1bel, dr\u017eiak<\/p>\n<p><strong>KOMPATIBILITA<\/strong>:<br \/>\ntool-free in\u0161tal\u00e1cia pre v\u00e4\u010d\u0161inu dostupn\u00fdch riadidiel s priemerom 25.4mm &#8211; 31.8mm<\/p>\n<p><strong>BALENIE<\/strong>: v dizajne P2R<\/p>\n","protected":false},"excerpt":{"rendered":"<p>PREDN\u00c9 OSVETLENIE P2R FOTTON 600 BCD (nov\u00fd model v s\u00e9rii P2R FOTTON) je predn\u00e9, USB- C nab\u00edjate\u013en\u00e9 osvetlenie. Je vyroben\u00e9<\/p>\n","protected":false},"featured_media":11959,"template":"","meta":{"_acf_changed":false},"product_brand":[],"product_cat":[418,419],"product_tag":[],"class_list":{"0":"post-34952","1":"product","2":"type-product","3":"status-publish","4":"has-post-thumbnail","6":"product_cat-osvetlenie","7":"product_cat-predne-osvetlenie","9":"first","10":"outofstock","11":"taxable","12":"shipping-taxable","13":"purchasable","14":"product-type-simple"},"bundled_by":[],"bundle_stock_status":"outofstock","bundle_stock_quantity":0,"bundle_virtual":false,"bundle_layout":"","bundle_add_to_cart_form_location":"","bundle_editable_in_cart":false,"bundle_sold_individually_context":"","bundle_item_grouping":"","bundle_min_size":"","bundle_max_size":"","bundle_price":[],"bundled_items":[],"bundle_sell_ids":[],"acf":[],"_links":{"self":[{"href":"https:\/\/b2b.p2rbike.com\/sk\/wp-json\/wp\/v2\/product\/34952","targetHints":{"allow":["GET"]}}],"collection":[{"href":"https:\/\/b2b.p2rbike.com\/sk\/wp-json\/wp\/v2\/product"}],"about":[{"href":"https:\/\/b2b.p2rbike.com\/sk\/wp-json\/wp\/v2\/types\/product"}],"wp:featuredmedia":[{"embeddable":true,"href":"https:\/\/b2b.p2rbike.com\/sk\/wp-json\/wp\/v2\/media\/11959"}],"wp:attachment":[{"href":"https:\/\/b2b.p2rbike.com\/sk\/wp-json\/wp\/v2\/media?parent=34952"}],"wp:term":[{"taxonomy":"product_brand","embeddable":true,"href":"https:\/\/b2b.p2rbike.com\/sk\/wp-json\/wp\/v2\/product_brand?post=34952"},{"taxonomy":"product_cat","embeddable":true,"href":"https:\/\/b2b.p2rbike.com\/sk\/wp-json\/wp\/v2\/product_cat?post=34952"},{"taxonomy":"product_tag","embeddable":true,"href":"https:\/\/b2b.p2rbike.com\/sk\/wp-json\/wp\/v2\/product_tag?post=34952"}],"curies":[{"name":"wp","href":"https:\/\/api.w.org\/{rel}","templated":true}]}}