{"id":34958,"date":"2026-04-06T14:29:43","date_gmt":"2026-04-06T12:29:43","guid":{"rendered":"https:\/\/b2b.p2rbike.com\/?post_type=product&#038;p=34958"},"modified":"2026-04-06T15:25:12","modified_gmt":"2026-04-06T13:25:12","slug":"p2r-sirio-100-copy","status":"publish","type":"product","link":"https:\/\/b2b.p2rbike.com\/sk\/produkt\/p2r-sirio-100-copy\/","title":{"rendered":"P2R SIRIO 70C"},"content":{"rendered":"<p><strong>P2R SIRIO 70C<\/strong><\/p>\n<p>PR\u00c9MIOV\u00c1 kvalita spracovania, vysok\u00e1 \u00fa\u010dinnos\u0165, USB nab\u00edjanie, CNC spracovanie, vyroben\u00e9 zo zliatiny hlin\u00edka. Je vhodn\u00e9 pre cyklistick\u00fdch entiziastov, ktor\u00ed miluj\u00fa inov\u00e1cie, dbaj\u00fa na svoju zv\u00fd\u0161en\u00fa bezpe\u010dnos\u0165 a vidite\u013enos\u0165, technologick\u00fa kr\u00e1su a dokonalos\u0165 kvality v ka\u017edom detaile .<\/p>\n<p><strong>DETAILY<br \/>\n<\/strong>Sveteln\u00fd v\u00fdkon: 7<strong>0 lm<br \/>\n<\/strong>Zdroj svetla: <strong>COB<\/strong> super bright red LED<strong><br \/>\n<\/strong>Materi\u00e1l:<strong> aluminium alloy<br \/>\nV\u00fddr\u017e bat\u00e9rie:<br \/>\nSt\u00e1le svietenie: <\/strong>low 45 Lm (2h30min) &#8211; medium 55 Lm (1h30min) &#8211; high 70 Lm (50min)<strong><br \/>\nBlikanie: <\/strong>low flash 10 Lm (<strong>60h<\/strong>) &#8211; medium 45 Lm (<strong>2h30min<\/strong>) &#8211; high flash 70 Lm (<strong>1h10min<\/strong>) &#8211; SOS 70 Lm (1h20min)<strong><br \/>\n<\/strong>\u010cas nab\u00edjania: <strong>1.0-1.5hours<\/strong><br \/>\nTyp bat\u00e9rie: <strong>Li-pol 3.7V 330mAh<\/strong><br \/>\nHmotnos\u0165: <strong>48 g<\/strong> including bracket (bracket weight <strong>15 g<\/strong>)<br \/>\n<strong>IPX 6<\/strong>\u00a0&#8211; vodeodoln\u00e9<\/p>\n<p><strong>PR\u00cdSLU\u0160ENSTVO:<\/strong><br \/>\nMicro USB nab\u00edja\u00ed k\u00e1bel (s\u00fa\u010das\u0165ou balenia)<br \/>\nApparel clip (pre uchytenie svetla na pono\u017ek\u00e1ch, batohu, Nordic walking pali\u010dk\u00e1ch at\u010f.)<\/p>\n<p><strong>KOMPATIBILITA:<\/strong><br \/>\nV\u0161etky be\u017en\u00e9 tvary a priemery sedloviek (st\u013apik sedla)<\/p>\n<p><strong>BALENIE<\/strong>:<br \/>\nV dizajne P2R<\/p>\n","protected":false},"excerpt":{"rendered":"<p>P2R SIRIO 70C PR\u00c9MIOV\u00c1 kvalita spracovania, vysok\u00e1 \u00fa\u010dinnos\u0165, USB nab\u00edjanie, CNC spracovanie, vyroben\u00e9 zo zliatiny hlin\u00edka. Je vhodn\u00e9 pre cyklistick\u00fdch<\/p>\n","protected":false},"featured_media":0,"template":"","meta":{"_acf_changed":false},"product_brand":[],"product_cat":[418,426],"product_tag":[],"class_list":{"0":"post-34958","1":"product","2":"type-product","3":"status-publish","5":"product_cat-osvetlenie","6":"product_cat-bezpecnostne-osvetlenie","8":"first","9":"outofstock","10":"taxable","11":"shipping-taxable","12":"purchasable","13":"product-type-simple"},"bundled_by":[],"bundle_stock_status":"outofstock","bundle_stock_quantity":0,"bundle_virtual":false,"bundle_layout":"","bundle_add_to_cart_form_location":"","bundle_editable_in_cart":false,"bundle_sold_individually_context":"","bundle_item_grouping":"","bundle_min_size":"","bundle_max_size":"","bundle_price":[],"bundled_items":[],"bundle_sell_ids":[],"acf":[],"_links":{"self":[{"href":"https:\/\/b2b.p2rbike.com\/sk\/wp-json\/wp\/v2\/product\/34958","targetHints":{"allow":["GET"]}}],"collection":[{"href":"https:\/\/b2b.p2rbike.com\/sk\/wp-json\/wp\/v2\/product"}],"about":[{"href":"https:\/\/b2b.p2rbike.com\/sk\/wp-json\/wp\/v2\/types\/product"}],"wp:attachment":[{"href":"https:\/\/b2b.p2rbike.com\/sk\/wp-json\/wp\/v2\/media?parent=34958"}],"wp:term":[{"taxonomy":"product_brand","embeddable":true,"href":"https:\/\/b2b.p2rbike.com\/sk\/wp-json\/wp\/v2\/product_brand?post=34958"},{"taxonomy":"product_cat","embeddable":true,"href":"https:\/\/b2b.p2rbike.com\/sk\/wp-json\/wp\/v2\/product_cat?post=34958"},{"taxonomy":"product_tag","embeddable":true,"href":"https:\/\/b2b.p2rbike.com\/sk\/wp-json\/wp\/v2\/product_tag?post=34958"}],"curies":[{"name":"wp","href":"https:\/\/api.w.org\/{rel}","templated":true}]}}